{"id":997,"date":"2026-04-20T09:00:43","date_gmt":"2026-04-20T07:00:43","guid":{"rendered":"http:\/\/csj.katolsk.no\/?page_id=997"},"modified":"2026-04-21T09:27:02","modified_gmt":"2026-04-21T07:27:02","slug":"f%c3%b8derasjon","status":"publish","type":"page","link":"https:\/\/www.StJoseph.no\/?page_id=997","title":{"rendered":"Internasjonalitet"},"content":{"rendered":"<p><strong>Sisters of St. Joseph of Chamb\u00e9ry \u2013 General House<\/strong><\/p>\n<p><strong>VIA\u00a0 DEL\u00a0 CASALETTO, 260\u00a0\u00a0 \u2013 00153 Roma \u2013 Italia<\/strong><\/p>\n<div class=\"footer_text_01\">Phone<br \/>\n<b>+39 06 85381362<\/b><\/div>\n<div class=\"footer_text_02\">Fax<br \/>\n<b>+39 06 5884454<\/b>E-mail<br \/>\n<b>icc@csjchambery.org<\/b><\/div>\n<p><strong>Nettsted: \u00a0<\/strong><a href=\"https:\/\/eur01.safelinks.protection.outlook.com\/?url=https%3A%2F%2Fwww.csjchambery.org%2F&amp;data=05%7C02%7Cmarit%40stjoseph.no%7C0a779f3c609e49e180bb08dd2b0f1955%7Cad74fffa08bb480d939a496b7603f45d%7C0%7C0%7C638714066021670683%7CUnknown%7CTWFpbGZsb3d8eyJFbXB0eU1hcGkiOnRydWUsIlYiOiIwLjAuMDAwMCIsIlAiOiJXaW4zMiIsIkFOIjoiTWFpbCIsIldUIjoyfQ%3D%3D%7C0%7C%7C%7C&amp;sdata=vTs2TjJqzCAuiv%2BHVmZHc7H5%2BzemaqWgHB4F58LTEVI%3D&amp;reserved=0\">Congrega\u00e7\u00e3o das Irm\u00e3s de S\u00e3o Jos\u00e9 de Chamb\u00e9ry<\/a><\/p>\n<div>For informasjon om St.Josephs\u00f8strene internasjonalt se v\u00e5rt internasjonale nettsted.<\/div>\n<div><img loading=\"lazy\" decoding=\"async\" class=\"aligncenter size-full wp-image-1263\" title=\"kart\" src=\"https:\/\/www.stjoseph.no\/wp-content\/uploads\/2010\/01\/kart.jpg\" alt=\"kart\" width=\"450\" height=\"224\" srcset=\"https:\/\/www.StJoseph.no\/wp-content\/uploads\/2010\/01\/kart.jpg 450w, https:\/\/www.StJoseph.no\/wp-content\/uploads\/2010\/01\/kart-300x149.jpg 300w\" sizes=\"auto, (max-width: 450px) 85vw, 450px\" \/><br \/>\n<img loading=\"lazy\" decoding=\"async\" class=\"aligncenter size-full wp-image-1264\" title=\"hele-verden\" src=\"https:\/\/www.stjoseph.no\/wp-content\/uploads\/2010\/01\/hele-verden.jpg\" alt=\"hele-verden\" width=\"450\" height=\"699\" srcset=\"https:\/\/www.StJoseph.no\/wp-content\/uploads\/2010\/01\/hele-verden.jpg 450w, https:\/\/www.StJoseph.no\/wp-content\/uploads\/2010\/01\/hele-verden-193x300.jpg 193w\" sizes=\"auto, (max-width: 450px) 85vw, 450px\" \/><\/div>\n<p style=\"text-align: left;\">St.Josephs\u00f8strene av Chamb\u00e9ry<\/p>\n<ul>\n<li>Nord Amerika:<br \/>\n<a href=\"http:\/\/www.sistersofsaintjoseph.org\/\">U.S.A www.sistersofsaintjoseph.org<\/a><\/li>\n<\/ul>\n<ul>\n<li>S\u00f8r Amerika:<br \/>\n<a href=\"http:\/\/www.isjbrasil.com.br\">Brasil www.isjbrasil.com.br<\/a><br \/>\nBolivia<\/li>\n<\/ul>\n<ul>\n<li>Asia:<br \/>\n<a href=\"http:\/\/www.nirmalasss.org\/index.html\">India\u00a0www.nirmalasss.org<br \/>\n<\/a>Pakistan<\/li>\n<\/ul>\n<ul>\n<li>Afrika:<br \/>\nTansania<br \/>\nMosambik<\/li>\n<\/ul>\n<ul>\n<li>Europa:<br \/>\nFrankrike<br \/>\nItalia<br \/>\nTsjekkia<br \/>\n<a href=\"http:\/\/www.csj.ie\/\">Irland www.csj.ie<\/a><br \/>\nWales<br \/>\nSverige<br \/>\n<a href=\"http:\/\/www.sanktjosephsoestrene.dk\/\">Danmark www.sanktjosephsoestrene.dk<\/a><br \/>\n<a href=\"http:\/\/www.stjoseph.no\">Norge www.stjoseph.no<br \/>\n<\/a>Tyskland<br \/>\nBelgia<\/li>\n<\/ul>\n<ul>\n<li>Oseania:<br \/>\nPapua Ny-Guinea<\/li>\n<\/ul>\n<p style=\"text-align: center;\"><img loading=\"lazy\" decoding=\"async\" class=\"aligncenter size-full wp-image-1231\" title=\"illustrasjon-treet\" src=\"https:\/\/www.stjoseph.no\/wp-content\/uploads\/2010\/01\/illustrasjon-treet.jpg\" alt=\"illustrasjon-treet\" width=\"450\" height=\"634\" srcset=\"https:\/\/www.StJoseph.no\/wp-content\/uploads\/2010\/01\/illustrasjon-treet.jpg 450w, https:\/\/www.StJoseph.no\/wp-content\/uploads\/2010\/01\/illustrasjon-treet-212x300.jpg 212w\" sizes=\"auto, (max-width: 450px) 85vw, 450px\" \/><\/p>\n<p><strong>Det er tre internasjonale St.Josephs\u00f8ster kongregasjoner og 4 f\u00f8derasjoner. <\/strong><\/p>\n<ul>\n<li>Italia<br \/>\n<a href=\"http:\/\/www.suoresangiuseppe.it\/\">http:\/\/www.suoresangiuseppe.it<\/a><\/li>\n<\/ul>\n<ul>\n<li>Frankrike<br \/>\n<a href=\"http:\/\/www.saint-joseph-fed.org\/\">http:\/\/www.saint-joseph-fed.org<\/a><\/li>\n<\/ul>\n<ul>\n<li>Amerika<br \/>\n<a href=\"http:\/\/www.sistersofsaintjosephfederation.org\/\">http:\/\/www.sistersofsaintjosephfederation.org<\/a><\/li>\n<\/ul>\n<ul>\n<li>Canada<br \/>\n<a href=\"http:\/\/www.csjfederation.ca\/\">www.csjfederation.ca<\/a><\/li>\n<\/ul>\n<p><img loading=\"lazy\" decoding=\"async\" class=\"aligncenter size-full wp-image-1362\" title=\"kongregasjoner-ny\" src=\"https:\/\/www.stjoseph.no\/wp-content\/uploads\/2010\/01\/kongregasjoner-ny.jpg\" alt=\"kongregasjoner-ny\" width=\"450\" height=\"480\" srcset=\"https:\/\/www.StJoseph.no\/wp-content\/uploads\/2010\/01\/kongregasjoner-ny.jpg 450w, https:\/\/www.StJoseph.no\/wp-content\/uploads\/2010\/01\/kongregasjoner-ny-281x300.jpg 281w\" sizes=\"auto, (max-width: 450px) 85vw, 450px\" \/><br \/>\n<img loading=\"lazy\" decoding=\"async\" class=\"aligncenter size-full wp-image-1363\" title=\"federasjoner-ny\" src=\"https:\/\/www.stjoseph.no\/wp-content\/uploads\/2010\/01\/federasjoner-ny.jpg\" alt=\"federasjoner-ny\" width=\"450\" height=\"530\" srcset=\"https:\/\/www.StJoseph.no\/wp-content\/uploads\/2010\/01\/federasjoner-ny.jpg 450w, https:\/\/www.StJoseph.no\/wp-content\/uploads\/2010\/01\/federasjoner-ny-254x300.jpg 254w\" sizes=\"auto, (max-width: 450px) 85vw, 450px\" \/><\/p>\n","protected":false},"excerpt":{"rendered":"<p>Sisters of St. Joseph of Chamb\u00e9ry \u2013 General House VIA\u00a0 DEL\u00a0 CASALETTO, 260\u00a0\u00a0 \u2013 00153 Roma \u2013 Italia Phone +39 06 85381362 Fax +39 06 5884454E-mail icc@csjchambery.org Nettsted: \u00a0Congrega\u00e7\u00e3o das Irm\u00e3s de S\u00e3o Jos\u00e9 de Chamb\u00e9ry For informasjon om St.Josephs\u00f8strene internasjonalt se v\u00e5rt internasjonale nettsted. St.Josephs\u00f8strene av Chamb\u00e9ry Nord Amerika: U.S.A www.sistersofsaintjoseph.org S\u00f8r Amerika: Brasil &hellip; <a href=\"https:\/\/www.StJoseph.no\/?page_id=997\" class=\"more-link\">Continue reading<span class=\"screen-reader-text\"> &#8220;Internasjonalitet&#8221;<\/span><\/a><\/p>\n","protected":false},"author":5,"featured_media":0,"parent":0,"menu_order":4,"comment_status":"closed","ping_status":"closed","template":"","meta":{"footnotes":""},"class_list":["post-997","page","type-page","status-publish","hentry"],"_links":{"self":[{"href":"https:\/\/www.StJoseph.no\/index.php?rest_route=\/wp\/v2\/pages\/997","targetHints":{"allow":["GET"]}}],"collection":[{"href":"https:\/\/www.StJoseph.no\/index.php?rest_route=\/wp\/v2\/pages"}],"about":[{"href":"https:\/\/www.StJoseph.no\/index.php?rest_route=\/wp\/v2\/types\/page"}],"author":[{"embeddable":true,"href":"https:\/\/www.StJoseph.no\/index.php?rest_route=\/wp\/v2\/users\/5"}],"replies":[{"embeddable":true,"href":"https:\/\/www.StJoseph.no\/index.php?rest_route=%2Fwp%2Fv2%2Fcomments&post=997"}],"version-history":[{"count":56,"href":"https:\/\/www.StJoseph.no\/index.php?rest_route=\/wp\/v2\/pages\/997\/revisions"}],"predecessor-version":[{"id":15381,"href":"https:\/\/www.StJoseph.no\/index.php?rest_route=\/wp\/v2\/pages\/997\/revisions\/15381"}],"wp:attachment":[{"href":"https:\/\/www.StJoseph.no\/index.php?rest_route=%2Fwp%2Fv2%2Fmedia&parent=997"}],"curies":[{"name":"wp","href":"https:\/\/api.w.org\/{rel}","templated":true}]}}