{"id":678,"date":"2026-04-27T09:00:23","date_gmt":"2026-04-27T07:00:23","guid":{"rendered":"http:\/\/csj.katolsk.no\/?page_id=678"},"modified":"2026-04-27T09:25:35","modified_gmt":"2026-04-27T07:25:35","slug":"st-josephs%c3%b8strenes-kongregasjon","status":"publish","type":"page","link":"https:\/\/www.StJoseph.no\/?page_id=678","title":{"rendered":"St. Josephs\u00f8strenes Kongregasjon"},"content":{"rendered":"<p style=\"text-align: left;\"><a href=\"https:\/\/www.stjoseph.no\/wp-content\/uploads\/2010\/01\/Korset1.jpg\"><img loading=\"lazy\" decoding=\"async\" class=\"aligncenter size-full wp-image-1200\" title=\"Korset\" src=\"https:\/\/www.stjoseph.no\/wp-content\/uploads\/2010\/01\/Korset1.jpg\" alt=\"Korset\" width=\"188\" height=\"300\" \/><\/a>&#8220;Kj\u00e6re s\u00f8ster, m\u00e5tte det kors du b\u00e6rer som tegn p\u00e5 din tilh\u00f8righet til St. Josephs\u00f8strenes\u00a0Kongregasjon,\u00a0minne deg om din innvielse til Gud\u00a0og om den kj\u00e6rlighet Kristus har elsket deg med, da Han henga seg selv for deg.La det v\u00e6re en kilde til h\u00e5p og nytt liv, slik at du kan tjene Ham med takknemlighet og udelt hjerte.&#8221;\u00a0\u00a0\u00a0(fra liturgien til l\u00f8fteavleggelse)<\/p>\n<p style=\"text-align: center;\"><strong><img loading=\"lazy\" decoding=\"async\" class=\"aligncenter size-full wp-image-1160\" title=\"ikon-joseph\" src=\"https:\/\/www.stjoseph.no\/wp-content\/uploads\/2010\/01\/ikon-joseph.jpg\" alt=\"ikon-joseph\" width=\"450\" height=\"700\" srcset=\"https:\/\/www.StJoseph.no\/wp-content\/uploads\/2010\/01\/ikon-joseph.jpg 450w, https:\/\/www.StJoseph.no\/wp-content\/uploads\/2010\/01\/ikon-joseph-192x300.jpg 192w\" sizes=\"auto, (max-width: 450px) 85vw, 450px\" \/> <\/strong><\/p>\n<p style=\"text-align: center;\"><strong>Hellige Joseph, \u00a0v\u00e5r far og verge, v\u00e6r v\u00e5r talsmann hos Gud!<\/strong><\/p>\n<p style=\"text-align: left;\">\u201dKongregasjonens grunnlegger,\u00a0jesuitt-pateren Jean-Pierre M\u00e9daille, ga v\u00e5rt ordenssamfunn navnet etter den hellige Joseph, Jesu pleiefar, for at vi, som Joseph, \u00a0skal v\u00e6re likefremme og hjertelige, b\u00e5de oss s\u00f8stre i mellom og n\u00e5r vi tjener v\u00e5r neste.\u201d Konst. \u00a7 11<\/p>\n<p style=\"text-align: center;\">\n","protected":false},"excerpt":{"rendered":"<p>&#8220;Kj\u00e6re s\u00f8ster, m\u00e5tte det kors du b\u00e6rer som tegn p\u00e5 din tilh\u00f8righet til St. Josephs\u00f8strenes\u00a0Kongregasjon,\u00a0minne deg om din innvielse til Gud\u00a0og om den kj\u00e6rlighet Kristus har elsket deg med, da Han henga seg selv for deg.La det v\u00e6re en kilde til h\u00e5p og nytt liv, slik at du kan tjene Ham med takknemlighet og udelt &hellip; <a href=\"https:\/\/www.StJoseph.no\/?page_id=678\" class=\"more-link\">Continue reading<span class=\"screen-reader-text\"> &#8220;St. Josephs\u00f8strenes Kongregasjon&#8221;<\/span><\/a><\/p>\n","protected":false},"author":5,"featured_media":0,"parent":0,"menu_order":2,"comment_status":"closed","ping_status":"closed","template":"","meta":{"footnotes":""},"class_list":["post-678","page","type-page","status-publish","hentry"],"_links":{"self":[{"href":"https:\/\/www.StJoseph.no\/index.php?rest_route=\/wp\/v2\/pages\/678","targetHints":{"allow":["GET"]}}],"collection":[{"href":"https:\/\/www.StJoseph.no\/index.php?rest_route=\/wp\/v2\/pages"}],"about":[{"href":"https:\/\/www.StJoseph.no\/index.php?rest_route=\/wp\/v2\/types\/page"}],"author":[{"embeddable":true,"href":"https:\/\/www.StJoseph.no\/index.php?rest_route=\/wp\/v2\/users\/5"}],"replies":[{"embeddable":true,"href":"https:\/\/www.StJoseph.no\/index.php?rest_route=%2Fwp%2Fv2%2Fcomments&post=678"}],"version-history":[{"count":49,"href":"https:\/\/www.StJoseph.no\/index.php?rest_route=\/wp\/v2\/pages\/678\/revisions"}],"predecessor-version":[{"id":5785,"href":"https:\/\/www.StJoseph.no\/index.php?rest_route=\/wp\/v2\/pages\/678\/revisions\/5785"}],"wp:attachment":[{"href":"https:\/\/www.StJoseph.no\/index.php?rest_route=%2Fwp%2Fv2%2Fmedia&parent=678"}],"curies":[{"name":"wp","href":"https:\/\/api.w.org\/{rel}","templated":true}]}}