{"id":5229,"date":"2018-10-04T10:19:05","date_gmt":"2018-10-04T08:19:05","guid":{"rendered":"http:\/\/www.StJoseph.no\/?page_id=5229"},"modified":"2025-02-17T10:34:21","modified_gmt":"2025-02-17T09:34:21","slug":"nyheter-2018-2","status":"publish","type":"page","link":"https:\/\/www.StJoseph.no\/?page_id=5229","title":{"rendered":"Nyheter 2018"},"content":{"rendered":"<div id=\"page\">\n<div id=\"content\" class=\"narrowcolumn\">\n<div id=\"post-4659\" class=\"post\">\n<h5><small>December 22nd, 2018 by stjoseph<\/small><\/h5>\n<div id=\"page\">\n<div id=\"content\" class=\"narrowcolumn\">\n<div id=\"post-4659\" class=\"post\">\n<div class=\"entry\">\n<div class=\"outer-wrapper\">\n<div class=\"container\">\n<div class=\"col-xs-12 col-sm-9\">\n<h4 class=\"row\"><img loading=\"lazy\" decoding=\"async\" class=\"alignleft wp-image-2722\" src=\"http:\/\/www.stjoseph.no\/wp-content\/uploads\/2012\/11\/Manresa.JPG\" sizes=\"auto, (max-width: 268px) 100vw, 268px\" srcset=\"http:\/\/www.StJoseph.no\/wp-content\/uploads\/2012\/11\/Manresa.JPG 304w, http:\/\/www.StJoseph.no\/wp-content\/uploads\/2012\/11\/Manresa-203x300.jpg 203w\" alt=\"\" width=\"227\" height=\"335\" \/><\/h4>\n<div class=\"outer-wrapper\">\n<div class=\"container\">\n<div class=\"col-xs-12 col-sm-9\">\n<div class=\"row\">\n<div class=\"col-xs-12 col-sm-12\">\n<article id=\"content\">\n<section id=\"content-core\">\n<div id=\"parent-fieldname-text\">\n<p>&nbsp;<\/p>\n<p>&nbsp;<\/p>\n<p>&nbsp;<\/p>\n<p>&nbsp;<\/p>\n<p>&nbsp;<\/p>\n<p>&nbsp;<\/p>\n<h5><\/h5>\n<h5><\/h5>\n<h5><\/h5>\n<h6><strong><em>EN VELSIGNET JULEH\u00d8YTID<\/em><\/strong><\/h6>\n<h6><strong><em>OG\u00a0 GUDS FRED, STYRKE<\/em><\/strong><\/h6>\n<h6><strong><em>OG GLEDE FOR DET NYE \u00c5RET.<\/em><\/strong><\/h6>\n<h6><strong><em>TUSEN TAKK FOR ALLE<\/em><\/strong><\/h6>\n<h6><em><strong>HILSENER OG GAVER!<\/strong><\/em><\/h6>\n<h6><em><strong>ST.JOSEPHS\u00d8STRENE<\/strong><\/em><\/h6>\n<h6><strong>MESSETIDER FOR JULEN 2018<\/strong><\/h6>\n<\/div>\n<\/section>\n<section id=\"content-core\">\n<div id=\"parent-fieldname-text\">\n<h6><strong>I KRISTI KONGE KAPELL<br \/>\n<\/strong><strong>GLADS VEI 23\u00a0 0489 OSLO<\/strong><\/h6>\n<h6><strong>JULAFTEN 24. DESEMBER\u00a0<\/strong><br \/>\nKL. 18.00<br \/>\n<strong>F\u00d8RSTE JULEDAG 25. DESEMBER<br \/>\n<\/strong>KL. 11.30<br \/>\n<strong>ANNEN JULEDAG 26. DESEMBER<br \/>\n<\/strong>KL. 11.30<br \/>\n<strong>27. DESEMBER<br \/>\n<\/strong>KL. 17.30<br \/>\n<strong>28. DESEMBER<br \/>\n<\/strong>KL. 17.30<br \/>\n<strong>29. DESEMBER<br \/>\n<\/strong>KL. 18.00<br \/>\n<strong>30. DESEMBER<br \/>\n<\/strong>KL. 11.30<br \/>\n<strong>NYTT\u00c5RSAFTEN 31. DESEMBER<br \/>\n<\/strong>KL. 18.00<br \/>\n<strong>NYTT\u00c5RSDAG 1. JANUAR 2018<br \/>\n<\/strong>KL. 11.30<\/h6>\n<\/div>\n<\/section>\n<\/article>\n<\/div>\n<\/div>\n<\/div>\n<\/div>\n<\/div>\n<\/div>\n<div class=\"col-xs-12 col-sm-9\">\n<h5 class=\"row\"><img loading=\"lazy\" decoding=\"async\" class=\"alignleft wp-image-5401\" src=\"http:\/\/www.stjoseph.no\/wp-content\/uploads\/2018\/12\/fra-seminaret-3.jpg\" alt=\"\" width=\"420\" height=\"315\" \/><\/h5>\n<h5><\/h5>\n<h5><\/h5>\n<h5><\/h5>\n<h5><\/h5>\n<h5><\/h5>\n<h5><\/h5>\n<h5><\/h5>\n<h5><\/h5>\n<h5 class=\"row\">Et givende seminar p\u00e5 Grefsen\u00a0fra 9.-13. desember!<\/h5>\n<h5>Postulanter, noviser og junioratss\u00f8stre hadde et givende seminar<br \/>\nmed Pater The SJ:<br \/>\nOm Ignatiansk Spiritualitet: Ignatius, Prinsipp og Fundament,<br \/>\nIgnatiansk tilbakeblikk over dagen, om B\u00f8nn og Discernment<br \/>\nog om\u00a0 Pavens dokument\u201dGaudium et Exultate\u201d og\u00a0 Julens budskap.<\/h5>\n<h5 class=\"row\"><img loading=\"lazy\" decoding=\"async\" class=\"alignleft wp-image-5420\" src=\"http:\/\/www.stjoseph.no\/wp-content\/uploads\/2018\/12\/Seminar-5-300x225.jpg\" alt=\"\" width=\"420\" height=\"314\" \/><\/h5>\n<h3><\/h3>\n<h3><\/h3>\n<\/div>\n<\/div>\n<\/div>\n<h3><strong><img loading=\"lazy\" decoding=\"async\" class=\"alignleft wp-image-5399\" src=\"http:\/\/www.stjoseph.no\/wp-content\/uploads\/2018\/12\/Fra-Seminaret.jpg-med-paint-nett-300x225.jpg\" sizes=\"auto, (max-width: 420px) 100vw, 420px\" srcset=\"http:\/\/www.StJoseph.no\/wp-content\/uploads\/2018\/12\/Fra-Seminaret.jpg-med-paint-nett-300x225.jpg 300w, http:\/\/www.StJoseph.no\/wp-content\/uploads\/2018\/12\/Fra-Seminaret.jpg-med-paint-nett.jpg 330w\" alt=\"\" width=\"420\" height=\"314\" \/><\/strong><\/h3>\n<div class=\"outer-wrapper\">\n<div class=\"container\">\n<p>&nbsp;<\/p>\n<p>&nbsp;<\/p>\n<p>&nbsp;<\/p>\n<p>&nbsp;<\/p>\n<\/div>\n<div class=\"container\">\n<p>&nbsp;<\/p>\n<p>&nbsp;<\/p>\n<p>&nbsp;<\/p>\n<p>&nbsp;<\/p>\n<p>&nbsp;<\/p>\n<h5><\/h5>\n<h5><\/h5>\n<p>&nbsp;<\/p>\n<p>&nbsp;<\/p>\n<p>&nbsp;<\/p>\n<p><strong><br \/>\nEn gledelig nyhet!<\/strong><\/p>\n<h5 class=\"col-xs-12 col-sm-9\">To kandidater Catarina og Gabriela ble p\u00e5 den 2. Desember 2018,<br \/>\n1. S\u00f8ndag i Advent tatt imot som Postulanter hos St. Josephs\u00f8strene.<br \/>\nVi gratulerer og \u00f8nsker dem lykke til videre p\u00e5 veien.<\/h5>\n<h5 class=\"col-xs-12 col-sm-9\">St. Josephs\u00f8strene<\/h5>\n<h3><img loading=\"lazy\" decoding=\"async\" class=\"alignleft size-medium wp-image-5360\" src=\"http:\/\/www.stjoseph.no\/wp-content\/uploads\/2018\/12\/IMG_4976.jpg-catarina-og-Gabriela-postulanter-2.12.2018-225x300.jpg\" sizes=\"auto, (max-width: 225px) 100vw, 225px\" srcset=\"http:\/\/www.StJoseph.no\/wp-content\/uploads\/2018\/12\/IMG_4976.jpg-catarina-og-Gabriela-postulanter-2.12.2018-225x300.jpg 225w, http:\/\/www.StJoseph.no\/wp-content\/uploads\/2018\/12\/IMG_4976.jpg-catarina-og-Gabriela-postulanter-2.12.2018.jpg 252w\" alt=\"\" width=\"225\" height=\"300\" \/><\/h3>\n<div id=\"page\">\n<div id=\"content\" class=\"narrowcolumn\">\n<div id=\"post-4345\" class=\"post\">\n<div class=\"entry\">\n<div>\n<div><\/div>\n<\/div>\n<\/div>\n<\/div>\n<\/div>\n<\/div>\n<h3><\/h3>\n<h3><\/h3>\n<h3><\/h3>\n<div id=\"content\" class=\"narrowcolumn\">\n<div id=\"post-4345\" class=\"post\">\n<div class=\"entry\">\n<h3><\/h3>\n<\/div>\n<\/div>\n<\/div>\n<h3><\/h3>\n<h3><\/h3>\n<h3><img loading=\"lazy\" decoding=\"async\" class=\"size-medium wp-image-5369 alignnone\" src=\"http:\/\/www.stjoseph.no\/wp-content\/uploads\/2018\/12\/2.-des.-2018-sammen-med-kommuniteten-i-Joseph-Huset-300x225.jpg\" sizes=\"auto, (max-width: 300px) 100vw, 300px\" srcset=\"http:\/\/www.StJoseph.no\/wp-content\/uploads\/2018\/12\/2.-des.-2018-sammen-med-kommuniteten-i-Joseph-Huset-300x225.jpg 300w, http:\/\/www.StJoseph.no\/wp-content\/uploads\/2018\/12\/2.-des.-2018-sammen-med-kommuniteten-i-Joseph-Huset-768x576.jpg 768w, http:\/\/www.StJoseph.no\/wp-content\/uploads\/2018\/12\/2.-des.-2018-sammen-med-kommuniteten-i-Joseph-Huset.jpg 853w\" alt=\"\" width=\"300\" height=\"225\" \/><\/h3>\n<p>Postulantene sammen med sin<br \/>\nkommunitet fra\u00a0 Joseph Huset.<\/p>\n<\/div>\n<\/div>\n<\/div>\n<\/div>\n<\/div>\n<\/div>\n<h5>R E T R E T T E R 2019<\/h5>\n<div id=\"page\">\n<div id=\"content\" class=\"narrowcolumn\">\n<div id=\"post-4659\" class=\"post\">\n<div class=\"entry\">\n<h5>Torsdag 24.- S\u00f8ndag 27. januar<br \/>\nkr 2300,\u2013 P. Rory SM, P. Erik SM<\/h5>\n<h5>RETRETTER I FASTETIDEN<br \/>\nTorsdag 7.- S\u00f8ndag 10. februar<br \/>\nkr 2300,\u2013 Sr. Anette CSJ og prest Arne Sand<br \/>\nP. Jo Neve SM, liturg<br \/>\nTorsdag 14- S\u00f8ndag 17. mars<br \/>\nkr 2300,\u2013 Bj\u00f8rg Eimstad, P. Erik SM<\/h5>\n<h5>Fredag 29. -S\u00f8ndag 31. mars<br \/>\nMedvandrer retrett<\/h5>\n<h5>Torsdag 4. \u2013 S\u00f8ndag 7. april<br \/>\nkr 2300,\u2013 Hilde R. Myhrer, Jeanine R. Ruyter<br \/>\nP. Jo Neve SM, liturg<\/h5>\n<h5>Torsdag 25. \u2013 S\u00f8ndag 28. april<br \/>\nkr 2300,\u2013 Bj\u00f8rg Eimstad og Sr. Marit CSJ<br \/>\nP. Jo Neve SM, liturg<\/h5>\n<h5>10 dagers retrett<br \/>\nFredag 3. \u2013 S\u00f8ndag 12.mai<br \/>\nkr 6000,\u2013Sr. Anette CSJ, prest Geir Gundersen<br \/>\nP. Jo Neve SM, liturg<br \/>\nFredag 28. juni- S\u00f8ndag 7. juli<br \/>\nkr 6000,\u2013P. Bill Clark SJ, p\u00e5 engelsk<br \/>\nOnsdag 10. juli til fredag 19.juli<br \/>\nkr 6000,\u2013P. Bill Clark SJ, p\u00e5 engelsk<\/h5>\n<h5 lang=\"nb-NO\"><b>T<\/b><b>o<\/b><b>rsdag 12<\/b><b>. sept- <\/b><b>S\u00f8ndag 15.<\/b><b> sept<br \/>\nkr 2300,\u2013 <\/b><b>Jeanine R. Ruyter, Hilde R. Myhrer<\/b><b><br \/>\nP. Neve SM, <\/b><b>l<\/b><b>iturg<\/b><\/h5>\n<h5 lang=\"nb-NO\"><b>RETRETTER I ADVENT\u00a0\u00a0\u00a0 2019<br \/>\n<\/b><\/h5>\n<h5 lang=\"nb-NO\"><i>Hver og en g\u00e5r svanger med Guds dr\u00f8m for skapelsen.<br \/>\nAlle b\u00e6rer vi i oss et fr\u00f8, gaver og evner til \u00e5 helbrede<br \/>\nv\u00e5r verden i tidens fylde \u2013 i v\u00e5r tid.<br \/>\nMester Eckhart sier: \u00abDette er tidens fylde, n\u00e5r<br \/>\nGuds S\u00f8nn (Kristus) blir unnfanget i oss.\u00bb<br \/>\nVi b\u00e6rer dette hellige l\u00f8fte i oss.<br \/>\n<\/i><\/h5>\n<h5><i>tekst og bilde<\/i><i> ved Mary Southard<\/i><\/h5>\n<h5><img loading=\"lazy\" decoding=\"async\" class=\"alignleft wp-image-5302\" src=\"http:\/\/www.StJoseph.no\/wp-content\/uploads\/2018\/10\/Maria-som-svanger.png\" alt=\"\" width=\"390\" height=\"283\" \/><\/h5>\n<h5><\/h5>\n<h5><\/h5>\n<h5><\/h5>\n<h5><strong>\u00a0<\/strong><\/h5>\n<h5><\/h5>\n<h5><\/h5>\n<h5><\/h5>\n<h5><\/h5>\n<h5><strong>L\u00f8rdag 23.nov. Medvandrer retrett<\/strong><\/h5>\n<h5><strong>Tors 28. nov.-S\u00f8ndag 1. desember<\/strong><br \/>\n<strong>kr 2300,\u2013 Bj\u00f8rg Eimstad,P. Erik SM<\/strong><\/h5>\n<h5><strong>Tors 5.des \u2013 S\u00f8ndag 8. desember<br \/>\nkr 2300,\u2013 Sr. Marit CSJ, P. Rory SM<br \/>\n<\/strong><\/h5>\n<h5><strong> Tors 12. des.- S\u00f8ndag 15. desember<br \/>\nkr 2300,\u2013 Sr. Anette CSJ, P. Rory SM<br \/>\n<\/strong><\/h5>\n<h5><b><\/b><strong>Adresse:<br \/>\nSt. Joseph Retrettsenter<br \/>\nBrannvaktveien 5,<br \/>\n0489 Oslo<br \/>\nP\u00e5melding:<br \/>\nper e-post: <\/strong><a href=\"mailto:retrett@stjoseph.no\"><strong>retrett@stjoseph.no<br \/>\nTlf<\/strong><\/a><strong>: 23 \u00a040 09 22( Sr. Marit)<br \/>\neller 23 \u00a040 09 34 ( Sr. Anette)<br \/>\n<\/strong><\/h5>\n<h5>Vi tilbyr b\u00e5de helgeretretter fra torsdag til<br \/>\ns\u00f8ndag eller om det er \u00f8nskelig fra fredag<br \/>\ntil s\u00f8ndag og 10 dagers og 8 dagers retretter.<br \/>\n(for studenter og ungdommer 30% rabatt)<\/h5>\n<h5><strong>Retrettene tilbringer vi i stillhet og b\u00f8nn. V\u00e5re<br \/>\ntideb\u00f8nner og den hl. Messe er en del av dagsrytmen.<br \/>\nPersonlig veiledning er en del av retretten.<br \/>\nRetrettene starter med aftens kl. 18.00 og avslutter<br \/>\nmed middagen kl 12.45.<\/strong><\/h5>\n<h5><strong>Plass p\u00e5 retretten er sikret n\u00e5r p\u00e5melding er<br \/>\nbekreftet og depositum betalt.<br \/>\nDepositum p\u00e5 kr. 400,- er en del av prisen og<br \/>\nreturneres ikke.<\/strong><\/h5>\n<h5><strong>Postbankkonto: 0530 17 80402<br \/>\n<\/strong><strong>Bankgirokonto: \u00a01607 18 23990 <\/strong><\/h5>\n<h5><strong>Veibeskrivelse til retrettsentret<\/strong><\/h5>\n<h5><strong>Med trikk nr. 11 \u2013 retning Kjels\u00e5s, stoppested:<br \/>\nGladsvei. Derfra ca. 40 m tilbake,<br \/>\ninngang St. Josephs\u00f8strenes Hjem.<br \/>\n<\/strong><\/h5>\n<h5>Retrettsentret finner du i den gule l\u00e5vebygning.<\/h5>\n<h5><strong>Med bil:<br \/>\n<\/strong>Kj\u00f8r Ring 3. Ved Storo oppover Grefsenveien. Etter trafikklys<br \/>\nved fotgjengerovergang finner du Brannvaktveien p\u00e5 h\u00f8yre side.<br \/>\nInngang til retrettsentret fra Brannvaktveien finner du p\u00e5<br \/>\nbaksiden av l\u00e5ven (stor gul bygning).<\/h5>\n<h5><strong>Fra: Oslo lufthavn Gardermoen<br \/>\nTil: Brannvaktveien 5, St. Joseph<\/strong> <strong>Retrettsenter<br \/>\n0489<\/strong> <strong> Oslo\u00a0\u00a0\u00a0 i alt ca. 58 min.<br \/>\n<\/strong>Fra: Gardermoen flyterminal (n. plan)<strong><br \/>\n<\/strong>FlybussF3 mot Bekkestua (Flybussekspressen)\u00a0 til: <strong>Storo<\/strong><br \/>\nkrysser gaten og g\u00e5r retning Storo, trikkeholdeplass.<strong><br \/>\nTrikk nr.\u00a011 mot Kjels\u00e5s etc\u2026.<\/strong><\/h5>\n<h5><strong>Vanlig dagsrytme p\u00e5 weekend-retretter:<br \/>\n<\/strong>Kl. 18.oo\u00a0\u00a0 ankomst, aftens, innf\u00f8ring i retretten,<br \/>\navslutning i kapellet med kompletorium<br \/>\nKl. 7.30 Laudes, unntatt L\u00f8r og S\u00f8n Laudes kl. 9.00<br \/>\nKl. 8.00-8.45\u00a0 frokost<br \/>\nKl. 10.00 b\u00f8nne-impuls<br \/>\nanledning til \u00e5 spise mellommat<br \/>\nkl. 12.30 middag<br \/>\nkl. 15.00 kaffe,te<br \/>\nkl. 17.30 vesper og kveldsmesse<br \/>\nL\u00f8r alltid S\u00f8ndagsmesse kl. 18.00\u00a0deretter aftens<br \/>\nkl.\u00a0 21.00 Kompletorium<\/h5>\n<h5><strong>ST. JOSEPH RETRETTSENTER <a href=\"http:\/\/www.stjoseph.no\/?page_id=651\">(les mer)<\/a><\/strong><\/h5>\n<h5><strong>Loyola Senter<\/strong> <span lang=\"zxx\"><a href=\"http:\/\/www.stjoseph.no\/?page_id=3358\">(les mer)<\/a><\/span><\/h5>\n<h5>\u00a4\u00a4\u00a4\u00a4\u00a4\u00a4\u00a4\u00a4\u00a4\u00a4\u00a4\u00a4\u00a4\u00a4\u00a4\u00a4\u00a4\u00a4\u00a4\u00a4\u00a4\u00a4\u00a4\u00a4\u00a4\u00a4\u00a4\u00a4\u00a4\u00a4\u00a4\u00a4\u00a4\u00a4\u00a4\u00a4\u00a4\u00a4\u00a4\u00a4\u00a4\u00a4\u00a4\u00a4<\/h5>\n<\/div>\n<\/div>\n<\/div>\n<\/div>\n<h5><\/h5>\n<h5><\/h5>\n<h5><\/h5>\n<h5><small>April 2nd, 2018 by stjoseph<\/small><\/h5>\n<div class=\"entry\">\n<div class=\"outer-wrapper\">\n<div class=\"container\">\n<div class=\"col-xs-12 col-sm-9\">\n<div class=\"row\">\n<div id=\"page\">\n<div id=\"content\" class=\"narrowcolumn\">\n<div id=\"post-4848\" class=\"post\">\n<div class=\"entry\">\n<div class=\"row\">\n<div id=\"page\">\n<div id=\"content\" class=\"narrowcolumn\">\n<div id=\"post-4848\" class=\"post\">\n<div class=\"entry\">\n<h5><img loading=\"lazy\" decoding=\"async\" class=\"rg_ic rg_i\" src=\"https:\/\/encrypted-tbn0.gstatic.com\/images?q=tbn:ANd9GcSQcKkviz4mifOmjWA-1c7maztmJhnuR5_KUPto8paPGb63wT6R\" alt=\"Bilderesultat for Paintings of Mary Southard Easter\" width=\"156\" height=\"207\" name=\"82liuAKB5RF3QM:\" data-src=\"https:\/\/encrypted-tbn0.gstatic.com\/images?q=tbn:ANd9GcSQcKkviz4mifOmjWA-1c7maztmJhnuR5_KUPto8paPGb63wT6R\" \/><\/h5>\n<h5>P\u00c5SKE 2018<\/h5>\n<h6>GUDSTJENESTER I KRISTI KONGE KAPELL<br \/>\nSt. Josephs\u00f8strenes Hjem Grefsen<br \/>\n\u2013 Gladsvei 23,\u00a0 0489 Oslo \u2013<\/h6>\n<h6>Messe og vesper kl. 17.30<br \/>\nunntatt torsdag 5.april<br \/>\nMesse kl. 9.00.<strong><br \/>\n<\/strong> \u00a4\u00a4\u00a4\u00a4\u00a4\u00a4\u00a4\u00a4\u00a4\u00a4\u00a4\u00a4\u00a4\u00a4\u00a4\u00a4\u00a4\u00a4\u00a4\u00a4\u00a4\u00a4\u00a4\u00a4\u00a4\u00a4<\/h6>\n<\/div>\n<\/div>\n<\/div>\n<\/div>\n<\/div>\n<\/div>\n<\/div>\n<\/div>\n<\/div>\n<\/div>\n<\/div>\n<\/div>\n<\/div>\n<\/div>\n<\/div>\n<\/div>\n<\/div>\n<h6>Mandag 19. Mars Fest for den Hl. Joseph!<\/h6>\n<h6>St. Josephs\u00f8strene feirer Festmessen<br \/>\nkl. 18.00 med fornyelse av deres klosterl\u00f8fter!<\/h6>\n<h6>Alle er hjertelig velkommen!<\/h6>\n<h6>Gud du betrodde v\u00e5r Frelser, Jesus Kristus<br \/>\ntil den salige Josephs trofaste varetekt. Vi ber<br \/>\ndeg hjelp din Kirke p\u00e5 hans forb\u00f8nn alltid \u00e5<br \/>\nv\u00e5ke over fullbyrdelsen av frelsens mysterium!<br \/>\n(fra Kirkeb\u00f8nnen)<\/h6>\n<h5><img loading=\"lazy\" decoding=\"async\" class=\"alignleft size-medium wp-image-5159\" src=\"http:\/\/www.stjoseph.no\/wp-content\/uploads\/2018\/03\/St-Joseph.jpgrev.-171x300.jpg\" sizes=\"auto, (max-width: 171px) 100vw, 171px\" srcset=\"http:\/\/www.StJoseph.no\/wp-content\/uploads\/2018\/03\/St-Joseph.jpgrev.-171x300.jpg 171w, http:\/\/www.StJoseph.no\/wp-content\/uploads\/2018\/03\/St-Joseph.jpgrev..jpg 298w\" alt=\"\" width=\"171\" height=\"300\" \/><\/h5>\n<h4><\/h4>\n<h4><\/h4>\n<h4><\/h4>\n<h4><\/h4>\n<h4><\/h4>\n<h4><\/h4>\n<h4><\/h4>\n<h4><\/h4>\n<h6>Pave Frans skrev i sitt fastebudskap for 2018:<\/h6>\n<blockquote><p>\u201cOgs\u00e5 i \u00e5r f\u00e5r vi en god anledning i initiativet<br \/>\n\u00ab24 timer for Herren\u00bb, som innbyr oss til \u00e5<br \/>\nfeire forsoningens sakrament i rammen av<br \/>\neukaristisk tilbedelse. I \u00e5r 2018 vil initiativet<br \/>\nfinne sted fredag 9. og l\u00f8rdag 10. mars og v\u00e6re<br \/>\ninspirert av ordene i Salme 130,4:<br \/>\n<em>\u00abHos deg er tilgivelse\u00bb<\/em>.<br \/>\nI hvert bisped\u00f8mme vil minst \u00e9n kirke v\u00e6re \u00e5pen<br \/>\ni 24 timer i strekk for tilbedelse<br \/>\nog sakramentalt skriftem\u00e5l.\u201d<\/p><\/blockquote>\n<p><a href=\"http:\/\/www.katolsk.no\/organisasjon\/okb\/Bergen\" data-linktype=\"internal\" data-val=\"dba1b33d1656be6e57d33c503b6d41c4\">St. Paul menighet i Bergen<\/a>,\u00a0<a href=\"http:\/\/www.katolsk.no\/organisasjon\/okb\/Oslo\/Hallvard\" data-linktype=\"internal\" data-val=\"682d8036a18906c60c358a7c836dc4a7\">St. Hallvard kirke<\/a><br \/>\nog <a href=\"http:\/\/www.katolsk.no\/organisasjon\/okb\/Oslo\/Olav\" data-linktype=\"internal\" data-val=\"e283e11806b16ef67884ce95e374c60a\">St. Olav domkirke <\/a>i Oslo vil holde \u00e5pen 24 timer<br \/>\ni strekk p\u00e5 disse datoene.<br \/>\n\u00a4\u00a4\u00a4\u00a4\u00a4\u00a4\u00a4\u00a4\u00a4\u00a4\u00a4\u00a4\u00a4\u00a4\u00a4\u00a4\u00a4\u00a4\u00a4\u00a4\u00a4\u00a4\u00a4\u00a4\u00a4\u00a4\u00a4\u00a4\u00a4\u00a4\u00a4\u00a4\u00a4\u00a4\u00a4<\/p>\n<p>\u00ab24 timer for Herren\u00bb<br \/>\nfredag 9. og l\u00f8rdag 10. mars 2018<br \/>\nhos St. Josephs\u00f8strene p\u00e5 Grefsen, Gladsvei 23,<br \/>\n0489 Oslo<br \/>\nV\u00e5rt kapell i Hovedhuset er \u00e5pent<br \/>\nFredag den 9. mars<br \/>\nVesper og Messe kl. 17.30,\u00a0 Korsveien kl. 19.30<br \/>\nEukaristisk tilbedelse<br \/>\nnatten igjennom til l\u00f8rdag den 10. mars.<br \/>\nVi avslutter med S\u00f8ndagsmesse som er<br \/>\nl\u00f8rdagaftenen kl. 18.00.<br \/>\nDet vil bli mest stille tilbedelse og du tar deg<br \/>\nden tiden som passer best for deg.<br \/>\nV\u00e5r husprest Pater Jo Neve SM vil v\u00e6re<br \/>\ntilgjengelig for skriftem\u00e5let.<br \/>\nAlle er hjertelig velkommen!<\/p>\n<h2>V\u00e5re retretter 2018<\/h2>\n<div class=\"entry\">\n<p><img loading=\"lazy\" decoding=\"async\" title=\"IMG_4318 retrettsenter best 2013 rev.\" src=\"http:\/\/www.stjoseph.no\/wp-content\/uploads\/2014\/01\/IMG_4318-retrettsenter-best-2013-rev..JPG\" alt=\"IMG_4318 retrettsenter best 2013 rev.\" width=\"314\" height=\"235\" \/><br \/>\n\u00ab<strong>F\u00e5 mennesker aner hva Gud kunne gj\u00f8re<\/strong> <strong><br \/>\nut av dem, om de bare uten forbehold ville<\/strong> <strong><br \/>\novergi seg til n\u00e5dens ledelse, om de tok av-<\/strong> <strong><br \/>\nstand fra sin egoisme og overgav seg helt i<\/strong><strong><br \/>\nden guddommelige mesters hender, s\u00e5 han<\/strong><strong><br \/>\nkunne forme deres sjeler<\/strong><strong>.\u00bb<\/strong><br \/>\n<strong>(Ignatius av Loyola 1491-1556)<\/strong><\/p>\n<h5><strong>Retretter 2018<\/strong><strong><br \/>\n<\/strong><strong>RETRETTER I FASTETIDEN<\/strong><br \/>\n<strong>Tors <\/strong>22. \u2013S\u00f8ndag 25. februar<br \/>\nkr 2300,\u2013Sr. Anette CSJ, P. Erik SM<\/h5>\n<h5><strong>Tors 1.mars \u2013S\u00f8ndag 4 . Mars<br \/>\nkr 2300,\u2013Bj\u00f8rg Eimstad, Sr. Marit CSJ <\/strong><br \/>\n<strong> P. Neve SM, liturg<\/strong><\/h5>\n<h5><strong>L\u00f8rdag 9.-11.\u00a0 mars Retrett-Medvandrer<\/strong><\/h5>\n<p>Tors 15.mars-S\u00f8ndag 18. mars<br \/>\nkr 2300,\u2013 Hilde R.Myhrer, prest Arne Sand<br \/>\nP. Neve SM, liturg<\/p>\n<h5><strong>Fredag 13. april Fordypningsdag, Loyola Gruppe<\/strong><\/h5>\n<h5><strong>RETRETT I P\u00c5SKETIDEN <\/strong><\/h5>\n<h5><strong>Tors 26.april-S\u00f8n 29.april<br \/>\nkr 2300,\u2013 Bj\u00f8rg Eimstad, P. Erik SM<\/strong><\/h5>\n<h5><strong>RETRETT OM SOMMEREN<\/strong><\/h5>\n<h5><strong>Tors 31.mai-S\u00f8ndag\u00a0 3. juni<br \/>\nkr 2300,\u2013 JeanineR. Ruyter, P. Rory SM<\/strong><\/h5>\n<h5><strong>10 dagers retrett<\/strong><br \/>\n<strong><br \/>\n<\/strong><strong>Fredag 4.-S\u00f8ndag 13. mai<\/strong> <strong><br \/>\nKr 6000,\u2013 Sr. Anette CSJ,prest Geir Gundersen<\/strong> <strong><br \/>\np. Jo Neve SM, liturg<\/strong><\/h5>\n<h5><strong>10 dagers retrett<br \/>\nFredag 27. juli \u2013 S\u00f8ndag 5. august<br \/>\nkr 6000,\u2013 Sr. Marit CSJ, Sr. Anette<br \/>\nP. Jo Neve, liturg<\/strong><\/h5>\n<h5><strong>H\u00d8STRETRETT<br \/>\n<\/strong><strong>Mandag 3. sept.-Fredag 7. sept.<br \/>\nManresa(lukket gruppe)<br \/>\n<\/strong><\/h5>\n<h5><strong>Tors 20. til S\u00f8ndag 23. sept<br \/>\nkr 2300,\u2013 Bj\u00f8rg Eimstad, prest Geir Gundersen<\/strong><\/h5>\n<h5><strong>Torsdag 4.-S\u00f8ndag 7. oktober<br \/>\nkr 2300,\u2013 Hilde R. Myhrer, Sr. Marit CSJ<br \/>\nP. Neve SM, liturg<\/strong><\/h5>\n<h5><strong>RETRETTER I ADVENT<\/strong><br \/>\n<img loading=\"lazy\" decoding=\"async\" class=\"alignleft size-medium wp-image-4999\" title=\"Maria i advent rev.\" src=\"http:\/\/www.stjoseph.no\/wp-content\/uploads\/2017\/11\/Maria-i-advent-rev.-175x300.jpg\" sizes=\"auto, (max-width: 175px) 100vw, 175px\" srcset=\"http:\/\/www.StJoseph.no\/wp-content\/uploads\/2017\/11\/Maria-i-advent-rev.-175x300.jpg 175w, http:\/\/www.StJoseph.no\/wp-content\/uploads\/2017\/11\/Maria-i-advent-rev..jpg 288w\" alt=\"Maria i advent rev.\" width=\"175\" height=\"300\" \/><\/h5>\n<h5>ved Mary Southard<\/h5>\n<h5><\/h5>\n<h5><\/h5>\n<h5>L\u00f8rdag 24. nov. Retrett Medvandrer<\/h5>\n<h5><strong>Tors 29.nov-S\u00f8ndag 2. des<br \/>\nkr 2300,\u2013 JeanineR. Ruyter,\u00a0 P. Rory SM<\/strong><\/h5>\n<h5><strong>Tors 6. des \u2013 S\u00f8ndag 9. des<br \/>\nkr 2300,\u2013 Sr. Marit CSJ, P. Rory SM<\/strong><\/h5>\n<h5><strong>Tors 13. des- S\u00f8ndag 16.\u00a0 des<br \/>\nkr 2300,\u2013 Sr. Anette CSJ, P. Rory SM<\/strong><\/h5>\n<h5><strong>Informasjon om\u00a0 alle v\u00e5re retretter<br \/>\n<\/strong><\/h5>\n<h5><strong>Adresse:<br \/>\nSt. Joseph Retrettsenter<br \/>\nBrannvaktveien 5,<br \/>\n0489 Oslo<br \/>\nP\u00e5melding:<br \/>\nper e-post: <\/strong><a href=\"mailto:retrett@stjoseph.no\"><strong>retrett@stjoseph.no<br \/>\nTlf<\/strong><\/a><strong>: 23 \u00a040 09 22( Sr. Marit) \u00a0eller 23 \u00a040 \u00a009 34 ( Sr. Christa)<br \/>\n<\/strong>Vi tilbyr b\u00e5de helgeretretter fra torsdag til s\u00f8ndag eller om det er \u00f8nskelig fra fredag<br \/>\ntil s\u00f8ndag og 10 dagers og 8 dagers retretter.<br \/>\n(for studenter og ungdommer 30% rabatt)<\/h5>\n<h5><strong>Retrettene tilbringer vi i stillhet og b\u00f8nn. V\u00e5re<br \/>\ntideb\u00f8nner og den hl. Messe er en del av dagsrytmen.<br \/>\nPersonlig veiledning er en del av retretten.<br \/>\nRetrettene starter med aftens kl. 18.00 og avslutter<br \/>\nmed middagen kl 12.45.<\/strong><\/h5>\n<h5><strong>Plass p\u00e5 retretten er sikret n\u00e5r p\u00e5melding er<br \/>\nbekreftet og depositum betalt.<br \/>\nDepositum p\u00e5 kr. 400,- er en del av prisen og<br \/>\nreturneres ikke.<\/strong><\/h5>\n<h5><strong>Postbankkonto: 0530 17 80402<br \/>\n<\/strong><strong>Bankgirokonto: \u00a01607 18 23990 <\/strong><\/h5>\n<h5><strong>Veibeskrivelse til retrettsentret<\/strong><\/h5>\n<h5><strong>Med trikk nr. 11 \u2013 retning Kjels\u00e5s, stoppested:<br \/>\nGladsvei. Derfra ca. 40 m tilbake,<br \/>\ninngang St. Josephs\u00f8strenes Hjem.<br \/>\n<\/strong><\/h5>\n<h5>Retrettsentret finner du i den gule l\u00e5vebygning.<\/h5>\n<h5><strong>Med bil:<br \/>\n<\/strong>Kj\u00f8r Ring 3. Ved Storo oppover Grefsenveien. Etter trafikklys<br \/>\nved fotgjengerovergang finner du Brannvaktveien p\u00e5 h\u00f8yre side.<br \/>\nInngang til retrettsentret fra Brannvaktveien finner du p\u00e5<br \/>\nbaksiden av l\u00e5ven (stor gul bygning).<\/h5>\n<h5><strong>Fra: Oslo lufthavn Gardermoen<br \/>\nTil: Brannvaktveien 5, St. Joseph<\/strong> <strong>Retrettsenter<br \/>\n0489<\/strong> <strong> Oslo\u00a0\u00a0\u00a0 i alt ca. 58 min.<br \/>\n<\/strong>Fra: Gardermoen flyterminal (n. plan)<strong><br \/>\n<\/strong>FlybussF3 mot Bekkestua (Flybussekspressen)\u00a0 til: <strong>Storo<\/strong><br \/>\nkrysser gaten og g\u00e5r retning Storo, trikkeholdeplass.<strong><br \/>\nTrikk nr.\u00a011 mot Kjels\u00e5s etc\u2026.<\/strong><\/h5>\n<\/div>\n<p>&nbsp;<\/p>\n","protected":false},"excerpt":{"rendered":"<p>December 22nd, 2018 by stjoseph &nbsp; &nbsp; &nbsp; &nbsp; &nbsp; &nbsp; EN VELSIGNET JULEH\u00d8YTID OG\u00a0 GUDS FRED, STYRKE OG GLEDE FOR DET NYE \u00c5RET. TUSEN TAKK FOR ALLE HILSENER OG GAVER! ST.JOSEPHS\u00d8STRENE MESSETIDER FOR JULEN 2018 I KRISTI KONGE KAPELL GLADS VEI 23\u00a0 0489 OSLO JULAFTEN 24. DESEMBER\u00a0 KL. 18.00 F\u00d8RSTE JULEDAG 25. DESEMBER KL. &hellip; <a href=\"https:\/\/www.StJoseph.no\/?page_id=5229\" class=\"more-link\">Continue reading<span class=\"screen-reader-text\"> &#8220;Nyheter 2018&#8221;<\/span><\/a><\/p>\n","protected":false},"author":5,"featured_media":0,"parent":4894,"menu_order":24,"comment_status":"closed","ping_status":"closed","template":"","meta":{"footnotes":""},"class_list":["post-5229","page","type-page","status-publish","hentry"],"_links":{"self":[{"href":"https:\/\/www.StJoseph.no\/index.php?rest_route=\/wp\/v2\/pages\/5229","targetHints":{"allow":["GET"]}}],"collection":[{"href":"https:\/\/www.StJoseph.no\/index.php?rest_route=\/wp\/v2\/pages"}],"about":[{"href":"https:\/\/www.StJoseph.no\/index.php?rest_route=\/wp\/v2\/types\/page"}],"author":[{"embeddable":true,"href":"https:\/\/www.StJoseph.no\/index.php?rest_route=\/wp\/v2\/users\/5"}],"replies":[{"embeddable":true,"href":"https:\/\/www.StJoseph.no\/index.php?rest_route=%2Fwp%2Fv2%2Fcomments&post=5229"}],"version-history":[{"count":28,"href":"https:\/\/www.StJoseph.no\/index.php?rest_route=\/wp\/v2\/pages\/5229\/revisions"}],"predecessor-version":[{"id":6229,"href":"https:\/\/www.StJoseph.no\/index.php?rest_route=\/wp\/v2\/pages\/5229\/revisions\/6229"}],"up":[{"embeddable":true,"href":"https:\/\/www.StJoseph.no\/index.php?rest_route=\/wp\/v2\/pages\/4894"}],"wp:attachment":[{"href":"https:\/\/www.StJoseph.no\/index.php?rest_route=%2Fwp%2Fv2%2Fmedia&parent=5229"}],"curies":[{"name":"wp","href":"https:\/\/api.w.org\/{rel}","templated":true}]}}