{"id":4350,"date":"2014-07-02T16:28:04","date_gmt":"2014-07-02T14:28:04","guid":{"rendered":"http:\/\/www.StJoseph.no\/?page_id=4350"},"modified":"2025-02-17T10:34:21","modified_gmt":"2025-02-17T09:34:21","slug":"nyhetsarkiv-2014","status":"publish","type":"page","link":"https:\/\/www.StJoseph.no\/?page_id=4350","title":{"rendered":"Nyheter 2014"},"content":{"rendered":"<h2>Nyheter 2014<\/h2>\n<h2><span style=\"color: #0000ff;\">JULEMARKED 2014<\/span><\/h2>\n<h3>ST. JOSEPHS\u00d8STRENES HJEM<\/h3>\n<p>GLADSVEI 23, 0489 OSLO<br \/>\nTEL: 23 400 900 eller 23 400 920<\/p>\n<h2><span style=\"color: #ff0000;\">INVITERER\u00a0 TIL JULEMARKED<\/span><\/h2>\n<h3><span style=\"color: #0000ff;\">FREDAG DEN 14. OG<\/span><\/h3>\n<h3><span style=\"color: #0000ff;\">L\u00d8RDAG DEN 15. NOVEMBER 2014<\/span><\/h3>\n<h3>BEGGE\u00a0 DAGER\u00a0 FRA KL 10.00 til KL. 13.00<\/h3>\n<h2><span style=\"color: #0000ff;\">HJERTELIG VELKOMMEN<\/span><\/h2>\n<p>NB! BETALING OGS\u00c5 MED BANKKORT!<\/p>\n<h3>***************************************************************<\/h3>\n<h2>En gledelig nyhet for hele provinsen!<\/h2>\n<h2>V\u00e5r kandidat Mai ankommer fra Vietnam\u00a0 5. Juni 2014<\/h2>\n<p><img loading=\"lazy\" decoding=\"async\" class=\"alignleft size-medium wp-image-4942\" title=\"IMG_5495.jpg Mai ankommer i Norge 5.6. 2014\" src=\"http:\/\/www.StJoseph.no\/wp-content\/uploads\/2016\/01\/IMG_5495.jpg-Mai-ankommer-i-Norge-5.6.-2014-300x224.jpg\" alt=\"IMG_5495.jpg Mai ankommer i Norge 5.6. 2014\" width=\"300\" height=\"224\" srcset=\"https:\/\/www.StJoseph.no\/wp-content\/uploads\/2016\/01\/IMG_5495.jpg-Mai-ankommer-i-Norge-5.6.-2014-300x224.jpg 300w, https:\/\/www.StJoseph.no\/wp-content\/uploads\/2016\/01\/IMG_5495.jpg-Mai-ankommer-i-Norge-5.6.-2014.jpg 855w\" sizes=\"auto, (max-width: 300px) 85vw, 300px\" \/><\/p>\n<h3><img loading=\"lazy\" decoding=\"async\" class=\"alignleft size-medium wp-image-4943\" title=\"IMG_5497.jpg Mai ankommer i Norge, 5.6.2014\" src=\"http:\/\/www.StJoseph.no\/wp-content\/uploads\/2016\/01\/IMG_5497.jpg-Mai-ankommer-i-Norge-5.6.2014-300x224.jpg\" alt=\"IMG_5497.jpg Mai ankommer i Norge, 5.6.2014\" width=\"300\" height=\"224\" srcset=\"https:\/\/www.StJoseph.no\/wp-content\/uploads\/2016\/01\/IMG_5497.jpg-Mai-ankommer-i-Norge-5.6.2014-300x224.jpg 300w, https:\/\/www.StJoseph.no\/wp-content\/uploads\/2016\/01\/IMG_5497.jpg-Mai-ankommer-i-Norge-5.6.2014-1024x767.jpg 1024w, https:\/\/www.StJoseph.no\/wp-content\/uploads\/2016\/01\/IMG_5497.jpg-Mai-ankommer-i-Norge-5.6.2014.jpg 1067w\" sizes=\"auto, (max-width: 300px) 85vw, 300px\" \/><\/h3>\n<h3>Bildet: fra v.til h. Lucia, Sr. Anna, Sr.Anette,<br \/>\nMai, Sr. Marit og Sr. Gunhild, mottagelse foran<br \/>\nJoseph Huset.<\/h3>\n<h3>V\u00e5r kandidat Lucia har ankommet 20.02.2014,<br \/>\nf\u00f8rste til venstre i bildet og \u00f8nsker Mai velkommen.<\/h3>\n<h3>\u00a4\u00a4\u00a4\u00a4\u00a4\u00a4\u00a4\u00a4\u00a4\u00a4\u00a4\u00a4\u00a4\u00a4\u00a4\u00a4\u00a4\u00a4\u00a4\u00a4\u00a4\u00a4\u00a4\u00a4\u00a4\u00a4\u00a4\u00a4\u00a4\u00a4\u00a4\u00a4\u00a4<\/h3>\n<h3>ET\u00a0STORT JUBILEUM<\/h3>\n<h3>HOS ST.JOSEPHS\u00d8STRENE P\u00c5 GREFSEN<\/h3>\n<h3>L\u00f8rdag den 16. august 2014 feirer<\/h3>\n<h3><span style=\"color: #008000;\">Sr. Franziska Wolken\u00a0 og Sr. Syl<\/span><\/h3>\n<h3><span style=\"color: #008000;\">via Museler 60 \u00e5rs profess og<br \/>\nSr. Beate Rupp 50 \u00e5rs profess<\/span><\/h3>\n<h3>Denne dagen blir det h\u00f8ytidelig festmesse kl. 10.00<br \/>\nved biskop Bernt Eidsvig Can.Reg. som hovedcelebrant.<\/h3>\n<h3>Etter festmessen er det mottagelse i s\u00f8strenes dagligstue.<br \/>\nAlle er hjertelig velkommen!<\/h3>\n<h3><span style=\"color: #008000;\">Dessuten minnes vi begynnelsen av v\u00e5rt jubileums\u00e5r.<br \/>\nDet var den 4. august 1865 at St.Josephs\u00f8strene kom til Norge!<br \/>\nOffisielt kommer vi til \u00e5 feire v\u00e5rt 150 \u00e5rs jubileum den 15.august 2015.<\/span><\/h3>\n<p><span style=\"color: #008000;\"><span style=\"color: #000000;\"><strong>Ord  som kjennetegner v\u00e5re jubilanter\u00a0 Sr. Franziska, Sr. Sylvia og Sr.  Beate er trofasthet og\u00a0utholdenhet overfor Guds n\u00e5de og kall.<br \/>\nDette  viste seg konkret i b\u00f8nn og i deres omsorg for sine medmennesker. Det  som er felles for alle tre jubilanter er at de fulgte Guds kall i ung  alder, har forlatt sitt hjemland, familie og venner og dratt til Norge,  for \u00e5 st\u00f8tte opp om Kirken her. De er blitt veldig glade i Norge, som er  blitt deres annet hjemland.<br \/>\nI trofasthet og med stor tillit har  alle tre Sr. Franziska, Sr. Sylvia og Sr. Beate tjent Herren og sine  medmennesker. Rotfestet i b\u00f8nn og v\u00e5r Spiritualitet kunne de v\u00e6re  positive vitner i Kirken og samfunnet. <\/strong><\/span><\/span><\/p>\n<h3>Sr. Franziska Wolken f\u00f8dt 17.05.1925 i Barsselermoor-Oldenburg<\/h3>\n<p><span style=\"color: #008000;\"><span style=\"color: #000000;\"><span style=\"color: #008000;\"><span style=\"color: #000000;\"><img loading=\"lazy\" decoding=\"async\" title=\"Sr_-Franziska-150x150\" src=\"http:\/\/www.stjoseph.no\/wp-content\/uploads\/2014\/06\/Sr_-Franziska-150x1503.jpg\" alt=\"Sr_-Franziska-150x150\" hspace=\"5\" width=\"150\" height=\"150\" \/><\/span><\/span><\/span><\/span><\/p>\n<h3><span style=\"font-size: 13px;\">avla sine f\u00f8rste l\u00f8fter 12.07.1954 i St.Josephs Kapell i Oslo<br \/>\n<\/span><strong>avla s<\/strong><strong>ine evige l\u00f8fter\u00a0 12.07.1957\u00a0 i St.Josephs Kapell i Oslo<\/strong><\/h3>\n<p><span style=\"color: #008000;\"><strong>Sr.  Franziska Wolken var 26 \u00e5r gammel da hun inntr\u00e5dte hos  St.Josephs\u00f8strene. Hun er kjent som en sterk og meget praktisk begavet  kvinne.<br \/>\nI 1953 flyttet hun til St. Josephs Institutt, hvor hun frem  til 1985 hadde ansvar for rengj\u00f8ring av St.Sunniva skole og St. Joseph  Institutt, samt vaskeriet og hagen.<br \/>\nMed en moderlig omsorg, men og<\/strong><strong>s\u00e5 med fasthet oppl\u00e6rte hun mange unge jenter fra Kroatia, Tyskland og Norge som fremdeles har god kontakt med henne.<br \/>\nI 1980 hadde hun et velfortjent avbrekk hvor hun deltok i et teologisk  fornyelseskurs p\u00e5 Regina Mundi i Roma. Fem \u00e5r senere i 1985 kom hun til  Vor Frue Villa som praktisk\u00a0 leder og senere forstanderinne inntil Vor  Frue Villa ble solgt i 1991. Samme \u00e5r opprettet vi St.  Josephretrettsenter p\u00e5 Nes\u00f8ya og der dannet hun et praktisk  administrativt team sammen med sr. Crescentia og sr. Christa. I 11 \u00e5r  har de arbeidet sammen og har satt deres preg p\u00e5 v\u00e5rt retrettsenter ved  deres omsorgsfulle m\u00e5te \u00e5 v\u00e6re p\u00e5.<br \/>\nAlle retrettantene visste ogs\u00e5 at de ba for dem, n\u00e5r de gikk sine daglige sm\u00e5 prosesjoner til Lourdes Grotten.<br \/>\nI 2002 kom hun til St. Josephs\u00f8strenes Hjem p\u00e5 Grefsen og der hjalp hun  til med husarbeid alt etter behov. N\u00e5r er hun blitt pensjonist p\u00e5  Grefsen, men veldig aktiv i\u00a0 hobbystuen med diverse h\u00e5ndarbeid til  julemarket.<br \/>\nLike f\u00f8r festen brakk hun enda l\u00e5rhalsen. Men hun er en iherdig, sprek og oppg\u00e5ende pasient.<\/strong><\/span><\/p>\n<h3>Sr. Sylvia Museler f\u00f8dt 21.09.1932 i Everswinkel i Westfalen<\/h3>\n<p><span style=\"font-size: 15px;\"><strong> <\/strong><\/span><img loading=\"lazy\" decoding=\"async\" title=\"Sr. Sylvia.b\" src=\"http:\/\/www.stjoseph.no\/wp-content\/uploads\/2014\/08\/Sr.-Sylvia.b1-150x150.jpg\" alt=\"Sr. Sylvia.b\" hspace=\"4\" width=\"150\" height=\"150\" \/><\/p>\n<h4 style=\"padding-left: 90px; font-size: 13px;\">avla sine f\u00f8rste l\u00f8fter 12.07.1954 i St.Josephs Kapell i Oslo<br \/>\navla sine evige l\u00f8fter\u00a0\u00a0 12.07.1957\u00a0i St.Josephs\u00a0Kapell i Oslo<\/h4>\n<p><strong><span style=\"color: #003366;\">Sr.  Sylvia inntr\u00e5dte som 19 \u00e5ring.Fra 1955 til 1979 arbeidet hun p\u00e5  kj\u00f8kkenet p\u00e5 Vor\u00a0 Frue Hospital i Oslo, men 1958 begynte hun p\u00e5 Statens  Kj\u00f8kkensjefsskole.<br \/>\nEtter endt eksamen i 1961 overtok hun som  kj\u00f8kkensjef p\u00e5 Vor Frue Hospital, hvor hun ble i 18 \u00e5r f\u00f8r hun i 1979  overtok som kj\u00f8kkensjef p\u00e5 Vor Frue Villa. Denne perioden ble avbrudt av  et velfortjent sabbats\u00e5r, et \u00e5ndelig fornyelses\u00e5r, i M\u00fcnchen i 1974\/75.  I 1985 ble hun kj\u00f8kkensjef ved st. Josephs\u00f8strenes Hjem p\u00e5 Grefsen,  hvor\u00a0hun fortsatt har ditt virke som 82 \u00e5ring. Hun \u00a0er et glad og  vennlig menneske som kan samarbeide med alle, ung eller gammel. I alle  disse \u00e5rene hadde hun n\u00e6rt samarbeid med mange unge jenter fra Kroatia,  Nord Norge,Tyskland og Vietnam og oppl\u00e6rte dem i praktisk kj\u00f8kkenarbeid.<\/span><\/strong><\/p>\n<p><strong><span style=\"color: #003366;\">Et  kj\u00f8kken er jo alltid et naturlig samlingssted. Ditt store hjerte kommer  til uttrykk i omgang med andre- alltid beredt til \u00e5 tjene, der hvor det  er behov for henne. Hun \u00a0har alltid hatt en stor kontaktflate b\u00e5de  innad og utad, noe som gjorde seg s\u00e6rlig gjeldende i l\u00f8pet av dine 24 \u00e5r  p\u00e5 Vor Frue Hospital.P\u00e5 den tiden overnattet katolikker,<\/span><\/strong><strong><span style=\"color: #003366;\"> som bodde langt fra Kirken under h\u00f8ytidsdager ofte p\u00e5 Vor Frue og fikk da kost og losji.<\/span><\/strong><\/p>\n<p><strong><span style=\"color: #003366;\">Noe sr. Sylvia er meget kjent for at hun deltok i den \u00f8kumeniske b\u00f8nneuken.<br \/>\nJeg vil p\u00e5st\u00e5 i hele Norges land var hun en av de ivrigste til \u00e5 g\u00e5 p\u00e5  disse m\u00f8ter. B\u00f8nn for kristen enhet har alltid v\u00e6rt et stort anliggende  for henne og derved levendegjorde hun ogs\u00e5 konkret v\u00e5r spiritualitet \u00e5  be for enhet.<br \/>\nMed ditt stille n\u00e6rv\u00e6r hadde vi en god representant.  Selv om\u00a0hun har enda ansvar for kj\u00f8kkenet, s\u00e5 gj\u00f8r\u00a0hun i din fritid om  kvelden det fineste h\u00e5ndarbeid Hardangers\u00f8m, til v\u00e5r julebasar.\u00a0Hun  \u00a0h\u00f8rer til de f\u00e5 som enda kan det. Sr. Sylvia er tidelig oppe til b\u00f8nn  og betraktning, det er det som gir henne livskraften for sin hverdag.<\/span><\/strong><\/p>\n<h3><span style=\"font-weight: bold;\">Sr. Beate Rupp, f\u00f8dt 10.05.1933\u00a0 i Paffrath\/Bergisch Gladbach, Tyskland<\/span><\/h3>\n<p><img loading=\"lazy\" decoding=\"async\" style=\"border: 1px solid black; border-image: none; width: 149px; height: 199px; margin-right: 3px; margin-left: 3px;\" title=\"Sr. Beate\" src=\"http:\/\/www.stjoseph.no\/wp-content\/uploads\/2014\/06\/Sr.-Beate5-232x300.jpg\" alt=\"Sr. Beate\" width=\"232\" height=\"300\" \/><\/p>\n<p><strong>avla sine f\u00f8rste l\u00f8fter 15.08.1964 i St. Josephs Kapell, Oslo<\/strong><br \/>\n<strong> avla sine evige l\u00f8fter 16.08. 1964 i St. Josephs Kapell, Oslo<\/strong><\/p>\n<p><strong><span style=\"color: #993300;\">Sr.  Beate feirer 50-\u00e5rs kloster jubileet. Hun h\u00f8rer med til de \u201cyngre\u201d i  klosteret. Hun begynte som postulant i en alder p\u00e5 29 \u00e5r, men f\u00f8r den  tiden hadde hun v\u00e6rt i Kristiansand og l\u00e6rte St. Josephs\u00f8strene\u00e5 kjenne.  Hun var ferdig utdannet sykepleier da hun kom til Norge.<br \/>\nMen hun  fikk ogs\u00e5 sykepleierutdanningen p\u00e5 v\u00e5r Frue Hospital i 1967 og kurs i  gruppeledelse i 1975. Hun var p\u00e5 Vor Frue Hospital fra 1964 til 1970, s\u00e5  kom hun 4 \u00e5r til Grefsen for \u00e5 stelle v\u00e5re eldre s\u00f8stre der. Fra  1974-1979 var\u00a0hun p\u00e5 Drammen sykehus og fra 19<\/span><\/strong><strong><span style=\"color: #993300;\">79-1995  var\u00a0hun igjen sykepleier p\u00e5 Grefsen. I 1991 var hun student og faget  var eldreomsorgen. Dette kom godt med her p\u00e5 Grefsen p\u00e5 v\u00e5r egen  sykeavdeling. Hun \u00a0har pleiet mange syke og har bist\u00e5tt mange d\u00f8ende.<br \/>\nHun \u00a0fikk et teologisk fornyelses\u00e5r i VOD i M\u00fcnchen i 1973\/74. Hun  bodde i flere sm\u00e5 kommuniteter i Brannvaktveien, Vor Frue Villa og  Montebellobakken.<br \/>\n<\/span><\/strong><\/p>\n<p><strong><span style=\"color: #993300;\">Fra  1995 har hun v\u00e6rt i vaskeriet p\u00e5 Grefsen og ble etter hvert  ansvarshavende der. Hun behersker de store maskiner, pressen og rullen  med dyktighet og n\u00f8yaktighet.<br \/>\nHun er alltid villig til \u00e5 st\u00e5 til tjeneste, observant og meget n\u00f8ye. Hun er en person som tar lett kontakt med folk.<br \/>\nHun er en aktiv deltager i menigheten og er kommunionsutdeler\u00a0 i v\u00e5r  sognekirke St. Olav. I din fritid bes\u00f8ker hun ogs\u00e5 noen eldre og syke.<\/span><\/strong><\/p>\n<p><strong><span style=\"color: #993300;\">Hun \u00a0var i sangkoret og forsanger i mange Herrens \u00e5r. Hun er glad i naturen og liker \u00e5 g\u00e5 turer i skog og mark.<\/span><\/strong><\/p>\n<p><strong>Sammen  med v\u00e5re tre jubilanter takker vi Herren for alt de har f\u00e5tt lov til \u00e5  virke som St. Josephs\u00f8ster i provinsen, kongregasjonen, Kirken og  samfunnet.<br \/>\nVi gratulerer og \u00f8nsker dem enda mange gode \u00e5r i Herrens ving\u00e5rd.<\/strong><\/p>\n<p><strong>St. Josephs\u00f8strene.<\/strong><\/p>\n<p><strong>\u2014\u2014\u2014\u2014\u2014\u2014\u2014\u2014\u2014\u2014\u2014\u2014\u2014\u2014\u2014\u2014\u2014\u2013<\/strong><\/p>\n<h3 style=\"text-align: left;\">En gledelig begivenhet hos St. Josephs\u00f8strene!<\/h3>\n<p style=\"text-align: left;\"><img loading=\"lazy\" decoding=\"async\" title=\"003 (3) v\u00e5re tre kandidater Nimnette, Cecilie og Lucia rev.\" src=\"http:\/\/www.stjoseph.no\/wp-content\/uploads\/2014\/02\/003-3-v%C3%A5re-tre-kandidater-Nimnette-Cecilie-og-Lucia-rev..JPG\" alt=\"003 (3) v\u00e5re tre kandidater Nimnette, Cecilie og Lucia rev.\" width=\"448\" height=\"336\" \/><\/p>\n<p style=\"text-align: left;\"><strong>Tre nye kandiater, en fra Filippinene og to fra Vietnam<br \/>\nhar\u00a0 begynt \u00a0hos St. Josephs\u00f8strene!<br \/>\nVi \u00f8nsker dem til lykke!<\/strong><\/p>\n","protected":false},"excerpt":{"rendered":"<p>Nyheter 2014 JULEMARKED 2014 ST. JOSEPHS\u00d8STRENES HJEM GLADSVEI 23, 0489 OSLO TEL: 23 400 900 eller 23 400 920 INVITERER\u00a0 TIL JULEMARKED FREDAG DEN 14. OG L\u00d8RDAG DEN 15. NOVEMBER 2014 BEGGE\u00a0 DAGER\u00a0 FRA KL 10.00 til KL. 13.00 HJERTELIG VELKOMMEN NB! BETALING OGS\u00c5 MED BANKKORT! *************************************************************** En gledelig nyhet for hele provinsen! V\u00e5r kandidat &hellip; <a href=\"https:\/\/www.StJoseph.no\/?page_id=4350\" class=\"more-link\">Continue reading<span class=\"screen-reader-text\"> &#8220;Nyheter 2014&#8221;<\/span><\/a><\/p>\n","protected":false},"author":5,"featured_media":0,"parent":4894,"menu_order":28,"comment_status":"closed","ping_status":"closed","template":"","meta":{"footnotes":""},"class_list":["post-4350","page","type-page","status-publish","hentry"],"_links":{"self":[{"href":"https:\/\/www.StJoseph.no\/index.php?rest_route=\/wp\/v2\/pages\/4350","targetHints":{"allow":["GET"]}}],"collection":[{"href":"https:\/\/www.StJoseph.no\/index.php?rest_route=\/wp\/v2\/pages"}],"about":[{"href":"https:\/\/www.StJoseph.no\/index.php?rest_route=\/wp\/v2\/types\/page"}],"author":[{"embeddable":true,"href":"https:\/\/www.StJoseph.no\/index.php?rest_route=\/wp\/v2\/users\/5"}],"replies":[{"embeddable":true,"href":"https:\/\/www.StJoseph.no\/index.php?rest_route=%2Fwp%2Fv2%2Fcomments&post=4350"}],"version-history":[{"count":16,"href":"https:\/\/www.StJoseph.no\/index.php?rest_route=\/wp\/v2\/pages\/4350\/revisions"}],"predecessor-version":[{"id":6225,"href":"https:\/\/www.StJoseph.no\/index.php?rest_route=\/wp\/v2\/pages\/4350\/revisions\/6225"}],"up":[{"embeddable":true,"href":"https:\/\/www.StJoseph.no\/index.php?rest_route=\/wp\/v2\/pages\/4894"}],"wp:attachment":[{"href":"https:\/\/www.StJoseph.no\/index.php?rest_route=%2Fwp%2Fv2%2Fmedia&parent=4350"}],"curies":[{"name":"wp","href":"https:\/\/api.w.org\/{rel}","templated":true}]}}