{"id":423,"date":"2026-02-04T10:00:46","date_gmt":"2026-02-04T09:00:46","guid":{"rendered":"http:\/\/csj.katolsk.no\/?page_id=423"},"modified":"2026-02-04T11:50:27","modified_gmt":"2026-02-04T10:50:27","slug":"medvandrer-2","status":"publish","type":"page","link":"https:\/\/www.StJoseph.no\/?page_id=423","title":{"rendered":"Medvandrer"},"content":{"rendered":"<p>&nbsp;<\/p>\n<p><em><strong> <img loading=\"lazy\" decoding=\"async\" class=\" wp-image-903 alignright\" title=\"vei\" src=\"https:\/\/www.stjoseph.no\/wp-content\/uploads\/2009\/12\/vei.jpg\" alt=\"vei\" width=\"282\" height=\"254\" \/><\/strong><\/em><\/p>\n<p><em><strong>\u00a0<\/strong><\/em><em><strong>\u201eBrant ikke v\u00e5re hjerter i oss,<\/strong><\/em><em><strong><br \/>\nda han talte til oss p\u00e5 veien?&#8221;<br \/>\n(Luk 25,32)<\/strong><\/em><\/p>\n<p><strong>\u00a0<\/strong><\/p>\n<p>I dag er det en stor s\u00f8ken etter et fellesskap p\u00e5 veien mot Gud. Derfor har St. Josephs\u00f8strene i den norske provins opprettet en gruppe som vi kaller <strong>medvandrer<\/strong>.<\/p>\n<p>Allerede p\u00e5 v\u00e5r grunnleggerens, pater Jean- Pierre M\u00e9dailles tid(1610-1669), fantes kvinner knyttet til s\u00f8strene som ville leve et \u00e5ndelig liv og hjelpe sine medmennesker.<\/p>\n<p>I Norge inviterte vi til \u00e5pne informasjonsm\u00f8ter v\u00e5ren 2003. Disse ble fulgt opp med mer informasjon og foredrag om forskjellige emner innenfor St. Josephs\u00f8strenes spiritualitet.<\/p>\n<p>Etter en dagsretrett november 2003 utviklet deg seg en fast gruppe p\u00e5 24 medlemmer. Gruppen delte seg i tre mindre grupper som har m\u00f8te hver f\u00f8rste tirsdag i m\u00e5neden. \u00d8stfoldgruppen m\u00f8tes i Fredrikstad og de to grupper i Oslo, m\u00f8tes p\u00e5 Grefsen. Hvert \u00e5r har vi en felles retrett i advent og fastetiden\u00a0 p\u00e5 Grefsen og en sommeravslutning.<\/p>\n<p>Under s\u00f8strenes provinskapittel fra den 7.-12.april 2006 ble medvandrerne offisielt anerkjent som en gruppe i v\u00e5r provins. Etter eget \u00f8nske og intensiv forberedelse kan den enkelte, kvinne og mann, gi et tilsagn om sitt engasjement som medvandrer.<\/p>\n<p>Vi er overbevist om at verden av i dag trenger flere og flere som \u00f8nsker, og er villige til, \u00e5 leve enheten med Gud og med hverandre.<\/p>\n<p>Jesus ba \u00a0til sin Far &#8220;at de alle m\u00e5 v\u00e6re ett, likesom vi er ett.&#8221;Joh 17,23. Derfor h\u00e5per vi at flere \u00f8nsker \u00e5 leve St. Josephs\u00f8strenes spiritualitet som medvandrer og dermed bevisst utdyper sitt forhold til Gud.<\/p>\n<p><strong>Hvem kan bli tilknyttet medlem?<\/strong><\/p>\n<p>Kvinner og menn med ulik bakgrunn og trossamfunn som \u00f8nsker en tilh\u00f8righet til v\u00e5r store internasjonale \u00e5ndelige familie.<\/p>\n<p><strong>Hvordan kommer dette til uttrykk?<\/strong><\/p>\n<p>Ved bevisst \u00e5 utdype sitt forhold til Gud.<\/p>\n<p><img loading=\"lazy\" decoding=\"async\" title=\"medvandrer\" src=\"https:\/\/www.stjoseph.no\/wp-content\/uploads\/2009\/12\/medvandrer1-300x225.jpg\" alt=\"medvandrer\" width=\"300\" height=\"225\" \/><\/p>\n<p>Ved \u00e5 reflektere over den personlige vei Gud f\u00f8rer den enkelte.<\/p>\n<p>Ved \u00e5 fremme enhet, hvor det er splittelse<br \/>\nog forsoning hvor det hersker ufred (Joh. 17).<\/p>\n<p><img loading=\"lazy\" decoding=\"async\" title=\"basar. b\" src=\"https:\/\/www.stjoseph.no\/wp-content\/uploads\/2009\/12\/basar.-b.jpg\" alt=\"basar. b\" width=\"294\" height=\"241\" \/><\/p>\n<p>Ved \u00e5 spre evangeliets glade budskap<br \/>\np\u00e5 en naturlig m\u00e5te.<\/p>\n<p>Ved den vi er og det vi gj\u00f8r i v\u00e5r hverdag,<br \/>\ni familien, p\u00e5 arbeidsplassen, i menigheten, osv.<\/p>\n<p>Ved \u00e5 p\u00e5ta oss oppgaver som enkelt menneske eller som gruppe.<\/p>\n<p><strong>Medvandrernes b\u00f8nn<\/strong><\/p>\n<p>Jesus Kristus, til deg l\u00f8fter jeg mitt hjerte i undring og lovprisning over din kj\u00e6rlighet. Jeg forener meg med deg og minnes med hvilken kj\u00e6rlighet du brakte ditt Evangelium til alle mennesker.<\/p>\n<p>M\u00e5tte din kj\u00e6rlighet fylle livet til alle St. Josephs\u00f8stre og deres medvandrere, slik at ditt Ord virkelig m\u00e5 bli levende blant oss og synlig i v\u00e5re daglige oppgaver.<\/p>\n<p>Hjelp oss \u00e5 bli ledet av Den Hellige \u00c5nds visdom, slik at vi i l\u00f8pet av dagen bidrar til st\u00f8rre kj\u00e6rlighet og enhet\u00a0 med Gud og hverandre.<\/p>\n<p>\u00c6re v\u00e6re Faderen som i sin godhet skapte oss, Jesus Kristus som frelste oss og den Hellige \u00c5nd som velsigner oss med sitt n\u00e6rv\u00e6r.<\/p>\n<p>Hellige Joseph, v\u00e6r du v\u00e5r talsmann hos Gud.<\/p>\n<p><strong>M\u00f8ter<\/strong><\/p>\n<p>Medvandrerne m\u00f8tes hver f\u00f8rste tirsdag i m\u00e5neden i sine respektive grupper:<\/p>\n<p>Gruppe I m\u00f8tes i St. Birgitta menighet i Fredrikstad, kl. 17.30 med Bente Evadattter som kontaktperson.<br \/>\nGruppe II\u00a0 har valgt som ny kontaktperson Helga Haass-M\u00e4nnle\u00a0 og\u00a0 i<br \/>\nGruppe III\u00a0 ble\u00a0 Kjersti Hagen\u00e6s\u00a0 \u00a0kontaktperson.<br \/>\nDisse to grupper m\u00f8tes hos St. Josephs\u00f8strene p\u00e5 Grefsen, Gladsvei 23, kl 17.30 og er med f\u00f8rst p\u00e5 den hl. Messe\u00a0 og s\u00e5 vesper, deretter har de stille b\u00f8nn og gruppem\u00f8ter.<br \/>\nAlle grupper\u00a0 avslutter med Kompletorium.<\/p>\n<p>\u00d8nsker du \u00e5 f\u00e5 vite noe mer om tilknyttet medlemskap ta kontakt med en av lederne\u00a0 for gruppene,\u00a0 eller en St. Josephs\u00f8ster eller en medvandrer du kjenner.<\/p>\n<p>Sr. Anette er hovedkontaktperson etter sr.Gunhild d\u00f8d,\u00a0 for alle grupper.<\/p>\n<p>&nbsp;<\/p>\n<p>&nbsp;<\/p>\n","protected":false},"excerpt":{"rendered":"<p>&nbsp; \u00a0\u201eBrant ikke v\u00e5re hjerter i oss, da han talte til oss p\u00e5 veien?&#8221; (Luk 25,32) \u00a0 I dag er det en stor s\u00f8ken etter et fellesskap p\u00e5 veien mot Gud. Derfor har St. Josephs\u00f8strene i den norske provins opprettet en gruppe som vi kaller medvandrer. Allerede p\u00e5 v\u00e5r grunnleggerens, pater Jean- Pierre M\u00e9dailles tid(1610-1669), &hellip; <a href=\"https:\/\/www.StJoseph.no\/?page_id=423\" class=\"more-link\">Continue reading<span class=\"screen-reader-text\"> &#8220;Medvandrer&#8221;<\/span><\/a><\/p>\n","protected":false},"author":3,"featured_media":0,"parent":0,"menu_order":15,"comment_status":"closed","ping_status":"closed","template":"","meta":{"footnotes":""},"class_list":["post-423","page","type-page","status-publish","hentry"],"_links":{"self":[{"href":"https:\/\/www.StJoseph.no\/index.php?rest_route=\/wp\/v2\/pages\/423","targetHints":{"allow":["GET"]}}],"collection":[{"href":"https:\/\/www.StJoseph.no\/index.php?rest_route=\/wp\/v2\/pages"}],"about":[{"href":"https:\/\/www.StJoseph.no\/index.php?rest_route=\/wp\/v2\/types\/page"}],"author":[{"embeddable":true,"href":"https:\/\/www.StJoseph.no\/index.php?rest_route=\/wp\/v2\/users\/3"}],"replies":[{"embeddable":true,"href":"https:\/\/www.StJoseph.no\/index.php?rest_route=%2Fwp%2Fv2%2Fcomments&post=423"}],"version-history":[{"count":39,"href":"https:\/\/www.StJoseph.no\/index.php?rest_route=\/wp\/v2\/pages\/423\/revisions"}],"predecessor-version":[{"id":15678,"href":"https:\/\/www.StJoseph.no\/index.php?rest_route=\/wp\/v2\/pages\/423\/revisions\/15678"}],"wp:attachment":[{"href":"https:\/\/www.StJoseph.no\/index.php?rest_route=%2Fwp%2Fv2%2Fmedia&parent=423"}],"curies":[{"name":"wp","href":"https:\/\/api.w.org\/{rel}","templated":true}]}}