{"id":265,"date":"2026-02-04T09:06:14","date_gmt":"2026-02-04T08:06:14","guid":{"rendered":"http:\/\/csj.katolsk.no\/?page_id=265"},"modified":"2026-02-04T11:28:40","modified_gmt":"2026-02-04T10:28:40","slug":"provinshistorie","status":"publish","type":"page","link":"https:\/\/www.StJoseph.no\/?page_id=265","title":{"rendered":"Provinsens historie"},"content":{"rendered":"<div id=\"_mcePaste\" style=\"left: -10000px; top: 0px; width: 1px; height: 1px; position: absolute; -ms-overflow-x: hidden; -ms-overflow-y: hidden;\">S\u00f8strene s\u00e5 ogs\u00e5 et stort behov for sykepleie i landet. De arbeidet med stor iver for \u00e5 \u00e5pne det f\u00f8rste katolske sykehus i Oslo, V\u00e5r Frue hospital i 1883. Ved utrettelig innsats klarte de \u00e5 \u00e5pne sykehus i Kristiansand, Porsgrunn, Drammen, Fredrikstad og Halden. S\u00f8strene har dermed i 100 \u00e5r helhjertet kunnet hjelpe utallige syke mennesker med omsorg og god sykepleie.<\/div>\n<p>&nbsp;<\/p>\n<div id=\"_mcePaste\" style=\"left: -10000px; top: 0px; width: 1px; height: 1px; position: absolute; -ms-overflow-x: hidden; -ms-overflow-y: hidden;\">Med tiden utviklet dette seg til St. Sunniva skole som i dag har 530 elever fra ca. 40 ulike nasjonaliteter.<\/div>\n<div id=\"_mcePaste\" style=\"left: -10000px; top: 0px; width: 1px; height: 1px; position: absolute; -ms-overflow-x: hidden; -ms-overflow-y: hidden;\">St. Josephs Institutt rommet b\u00e5de St.Josephs\u00f8strenes f\u00f8rste provinshus og \u00a0St. Sunniva skole.<\/div>\n<div id=\"_mcePaste\" style=\"left: -10000px; top: 0px; width: 1px; height: 1px; position: absolute; -ms-overflow-x: hidden; -ms-overflow-y: hidden;\">Etter at det siste sykehuset ble solgt i 1988 \u00e5pnet vi i 1991 et \u00f8kumenisk retrettsenter p\u00e5 Nes\u00f8ya. Senteret er et tilbud for mennesker som \u00f8nsker \u00e5 utdype sitt forhold til Gud. Dette synes \u00e5 v\u00e6re svar p\u00e5 et stort behov blant n\u00e5tidens mennesker som opplever at materiell velferd alene ikke gir den ro og fred som de s\u00f8ker etter.<\/div>\n<div id=\"_mcePaste\" style=\"left: -10000px; top: 0px; width: 1px; height: 1px; position: absolute; -ms-overflow-x: hidden; -ms-overflow-y: hidden;\">S\u00f8strene har i alle \u00e5r v\u00e6rt st\u00f8ttespillere i menighetene. Ved sitt n\u00e6rv\u00e6r, sin hjelp i katekesen, bes\u00f8kstjeneste osv. har de kunnet v\u00e6re levende vitner for Kristus.<\/div>\n<div id=\"_mcePaste\" style=\"left: -10000px; top: 0px; width: 1px; height: 1px; position: absolute; -ms-overflow-x: hidden; -ms-overflow-y: hidden;\">Vi er n\u00e5 36 s\u00f8stre fordelt p\u00e5 4 felleskap (kommuniteter). Vi har stor omsorg for v\u00e5re eldre og syke s\u00f8stre som vi tar oss av i v\u00e5r egen sykeavdeling. De syke s\u00f8stre er ved sin b\u00f8nn for verden en stor ressurs.<\/div>\n<p><strong>St. Josephs\u00f8strenes historie i Norge<\/strong><\/p>\n<p>De fire f\u00f8rste franske St. Josephs\u00f8stre kom til Norge 4. august 1865 etter invitasjon fra pater Stub, sogneprest i St. Olav kirke, i det dav\u00e6rende Christiania.<\/p>\n<p>Det hadde v\u00e6rt s\u00f8stre i Norge etter reformasjonen, &#8220;Mariad\u00f8trene &#8221; kom i 1857, men de forlot landet allerede i 1862.<\/p>\n<p><img loading=\"lazy\" decoding=\"async\" class=\"aligncenter size-full wp-image-1278\" title=\"nonner-historie\" src=\"https:\/\/www.stjoseph.no\/wp-content\/uploads\/2009\/12\/nonner-historie.jpg\" alt=\"nonner-historie\" width=\"450\" height=\"161\" srcset=\"https:\/\/www.StJoseph.no\/wp-content\/uploads\/2009\/12\/nonner-historie.jpg 450w, https:\/\/www.StJoseph.no\/wp-content\/uploads\/2009\/12\/nonner-historie-300x107.jpg 300w\" sizes=\"auto, (max-width: 450px) 85vw, 450px\" \/><\/p>\n<p>St. Josephs\u00f8strene kom for \u00e5 bli. De\u00a0fire f\u00f8rste\u00a0s\u00f8stre begynte meget beskjedent i Teatergaten 4 i Oslo. De \u00e5pnet en liten\u00a0menighetsskole, ga katekese for barn av katolske fremmedarbeidere og begynte med hjemmesykepleie. I den f\u00f8rste leiligheten i Teatergaten hadde\u00a0de tre rom, hvorav ett ble brukt som klasserom for innvandrerbarn, mens de to andre rommene var bolig for s\u00f8strene. Her b\u00e5de sov, spiste og ba de sammen.<\/p>\n<p>Behovene ble st\u00f8rre og st\u00f8rre,\u00a0og de m\u00e5tte se seg om etter et annet sted\u00a0 \u00e5 bo, som de fant i Akersveien 4. St. Josephs Institutt rommet b\u00e5de St.Josephs\u00f8strenes f\u00f8rste provinshus og St. Sunniva skole.\u00a0\u00a0Med tiden vokste\u00a0St. Sunniva skole\u00a0og den har \u00a0i dag 550 elever fra ca. 40 ulike nasjonaliteter og spr\u00e5k. Fra 2005 \u00a0eies og drives St. Sunniva skole av Oslo Katolske Bisped\u00f8mme.<\/p>\n<p>S\u00f8strene s\u00e5 ogs\u00e5 et stort behov for sykehus i landet. De arbeidet med stor iver og det\u00a0f\u00f8rste\u00a0\u00a0katolske\u00a0 sykehus i Oslo, V\u00e5r Frue hospital, ble \u00e5pnet \u00a0i 1883. Ved utrettelig innsats, klarte de \u00a0i\u00a0\u00e5renes l\u00f8p\u00a0 \u00e5 \u00e5pne sykehus i\u00a0\u00a0Kristiansand, Porsgrunn, Drammen, Fredrikstad og Halden. S\u00f8strene har dermed i over 100 \u00e5r\u00a0\u00a0helhjertet\u00a0 kunnet hjelpe utallige syke mennesker med omsorg og god sykepleie. Fra 1970 \u00e5rene av \u00a0ble sykehusene solgt og gradvis \u00a0integrert i det offentlige helsevesenet. Det siste sykehuset, St Joseph\u00a0i Halden, ble solgt i 1988.<\/p>\n<p>S\u00f8strene har i alle \u00e5r v\u00e6rt aktive i menighetene. Ved sitt n\u00e6rv\u00e6r, ved hjelp i katekesen og forskjellige former for pastoralt arbeid\u00a0 har de kunnet v\u00e6re levende vitner for Kristus.<\/p>\n<p><img loading=\"lazy\" decoding=\"async\" class=\"alignleft size-full wp-image-41\" title=\"ikon-00807\" src=\"https:\/\/www.stjoseph.no\/wp-content\/uploads\/2009\/12\/ikon-00807.jpg\" alt=\"ikon-00807\" width=\"450\" height=\"675\" srcset=\"https:\/\/www.StJoseph.no\/wp-content\/uploads\/2009\/12\/ikon-00807.jpg 450w, https:\/\/www.StJoseph.no\/wp-content\/uploads\/2009\/12\/ikon-00807-200x300.jpg 200w\" sizes=\"auto, (max-width: 450px) 85vw, 450px\" \/><\/p>\n<p>I\u00a01991 \u00e5pnet vi et\u00a0\u00f8kumenisk retrettsenter, St Joseph\u00a0 p\u00e5 Nes\u00f8ya. I 2007 ble det flyttet til Grefsen, Oslo.\u00a0Senteret er et tilbud for mennesker som \u00f8nsker \u00e5 utdype sitt forhold til Gud. Dette synes \u00e5 v\u00e6re svar p\u00e5 et stort behov blant n\u00e5tidens mennesker som opplever at materiell velferd alene ikke gir den sanne og dype mening med livet.<\/p>\n<p>I 2014 opprettet vi et Loyola Senter som har i dag 9 veiledere som veileder v\u00e5re retretter og gir ogs\u00e5 \u00e5ndelig veiledning utenom retretter.<\/p>\n<p>Vi er n\u00e5 13 s\u00f8stre med evige l\u00f8fter som bor i- St. Josephs\u00f8strenes Hjem.(Hovedhuset)<\/p>\n<p>5 s\u00f8stre med evige l\u00f8fter, 3 s\u00f8stre med f\u00f8rste l\u00f8fter og en novise\u00a0 som h\u00f8rer til utdannings-kommuniteten\u00a0 &#8211; Joseph Huset- , men vi bor alle p\u00e5 samme eiendom p\u00e5 Grefsen.<\/p>\n<p>Vi har\u00a0 en egen sykeavdelingen for de eldste og mest skr\u00f8pelige.<\/p>\n<p>De er med i v\u00e5r felles b\u00f8nn og den daglige hellige messe og middagsm\u00e5ltid.\u00a0 P\u00e5 denne m\u00e5ten kan de fortsatt leve sitt klosterliv og ha et\u00a0 apostolat ved sitt n\u00e6rv\u00e6r og\u00a0 sin b\u00f8nn.<\/p>\n<p>Dessuten bor Dr. Gerhard Schwenzer SS.CC. biskop emeritus, pater Jo Neve SM ( v\u00e5r husprest) og<br \/>\nAnna Maria Hoang Thy Lien hos oss p\u00e5 Grefsen.<\/p>\n","protected":false},"excerpt":{"rendered":"<p>S\u00f8strene s\u00e5 ogs\u00e5 et stort behov for sykepleie i landet. De arbeidet med stor iver for \u00e5 \u00e5pne det f\u00f8rste katolske sykehus i Oslo, V\u00e5r Frue hospital i 1883. Ved utrettelig innsats klarte de \u00e5 \u00e5pne sykehus i Kristiansand, Porsgrunn, Drammen, Fredrikstad og Halden. S\u00f8strene har dermed i 100 \u00e5r helhjertet kunnet hjelpe utallige syke &hellip; <a href=\"https:\/\/www.StJoseph.no\/?page_id=265\" class=\"more-link\">Continue reading<span class=\"screen-reader-text\"> &#8220;Provinsens historie&#8221;<\/span><\/a><\/p>\n","protected":false},"author":3,"featured_media":0,"parent":0,"menu_order":6,"comment_status":"closed","ping_status":"closed","template":"","meta":{"footnotes":""},"class_list":["post-265","page","type-page","status-publish","hentry"],"_links":{"self":[{"href":"https:\/\/www.StJoseph.no\/index.php?rest_route=\/wp\/v2\/pages\/265","targetHints":{"allow":["GET"]}}],"collection":[{"href":"https:\/\/www.StJoseph.no\/index.php?rest_route=\/wp\/v2\/pages"}],"about":[{"href":"https:\/\/www.StJoseph.no\/index.php?rest_route=\/wp\/v2\/types\/page"}],"author":[{"embeddable":true,"href":"https:\/\/www.StJoseph.no\/index.php?rest_route=\/wp\/v2\/users\/3"}],"replies":[{"embeddable":true,"href":"https:\/\/www.StJoseph.no\/index.php?rest_route=%2Fwp%2Fv2%2Fcomments&post=265"}],"version-history":[{"count":83,"href":"https:\/\/www.StJoseph.no\/index.php?rest_route=\/wp\/v2\/pages\/265\/revisions"}],"predecessor-version":[{"id":15677,"href":"https:\/\/www.StJoseph.no\/index.php?rest_route=\/wp\/v2\/pages\/265\/revisions\/15677"}],"wp:attachment":[{"href":"https:\/\/www.StJoseph.no\/index.php?rest_route=%2Fwp%2Fv2%2Fmedia&parent=265"}],"curies":[{"name":"wp","href":"https:\/\/api.w.org\/{rel}","templated":true}]}}