{"id":1180,"date":"2026-02-04T09:00:55","date_gmt":"2026-02-04T08:00:55","guid":{"rendered":"http:\/\/csj.katolsk.no\/?page_id=1180"},"modified":"2026-02-04T11:47:35","modified_gmt":"2026-02-04T10:47:35","slug":"kommuniteter-2","status":"publish","type":"page","link":"https:\/\/www.StJoseph.no\/?page_id=1180","title":{"rendered":"Kommuniteter"},"content":{"rendered":"<p><img loading=\"lazy\" decoding=\"async\" class=\"size-full wp-image-1280 alignnone\" title=\"hovedhuset\" src=\"https:\/\/www.stjoseph.no\/wp-content\/uploads\/2010\/01\/hovedhuset.jpg\" alt=\"hovedhuset\" width=\"583\" height=\"365\" srcset=\"https:\/\/www.StJoseph.no\/wp-content\/uploads\/2010\/01\/hovedhuset.jpg 583w, https:\/\/www.StJoseph.no\/wp-content\/uploads\/2010\/01\/hovedhuset-300x187.jpg 300w\" sizes=\"auto, (max-width: 583px) 85vw, 583px\" \/><\/p>\n<p><strong>St. Josephs\u00f8strenes Hjem<\/strong><\/p>\n<p>Navnet \u201d St. Josephs\u00f8strenes Hjem,\u201d er valgt, for \u00e5 understreke at huset er et kloster og et hjem for alle St. Josephs\u00f8stre i den Norske Ordensprovins.<\/p>\n<p>Kommuniteten har forskjellige oppgaver:<\/p>\n<p>Det er et m\u00f8tested for alle provinsens s\u00f8stre ved st\u00f8rre og viktige begivenheter.<\/p>\n<p>Kommuniteten g\u00e5r inn for \u00e5 legge forholdene til rette, slik at den enkelte s\u00f8ster, til tross for sykdom, alderdom og andre begrensninger, <strong>f\u00e5r<\/strong> og <strong>gir <\/strong>omsorg og hjelp til \u00e5 leve et verdig og meningsfylt liv.<\/p>\n<p>N\u00e5r s\u00f8strenes helse og alder hindrer dem i \u00e5 fortsette i aktiv tjeneste, s\u00e5 deltar de fortsatt i kongregasjonens apostoliske virksomhet ved \u00e5 be og \u00e5 akseptere den nye livssituasjonen<\/p>\n<p>St. Josephs\u00f8strenes Hjem er et bes\u00f8kssted for enkeltpersoner og grupper, og for bes\u00f8kende som \u00f8nsker \u00e5 f\u00e5 forskjellig informasjon, for eksempel om klosterliv, den katolske Kirke, m.m.<\/p>\n<p><strong>Adresse: Gladsvei 23, 0489 Oslo<\/strong><\/p>\n<p>Telefon Sentralbord : 23 40 09 00<br \/>\nE-post: <a href=\"mailto:sostrene@stjoseph.no\">sostrene@stjoseph.no<\/a><\/p>\n<p><strong>Forstanderinne p\u00e5 St. Josephs\u00f8strenes Hjem:<br \/>\n<\/strong><\/p>\n<p>To\u00a0 ansvarshavende for Hovedhusets kommunitet:<br \/>\nSr. Anna Vy,\u00a0 Nguyen Dinh Kim Vy og Sr. Maria, Dai Thuy Phan<br \/>\nleder n\u00e5 Hovedhusets kommunitet.<\/p>\n<p>Sr. Agathe Liebrand, f. i Bocholt\/ Tyskland 1932, l.: 19.03.1957, 15.08.1962<br \/>\nSr. Agnete (Paula) Henkenberens, f. i Gramke\/Oldenburg\/ Tyskland 08.06.1931, l.: 19.03.1955, 25.03.1958<br \/>\nSr. <a href=\"http:\/\/www.katolsk.no\/biografier\/innenriks\/akampshoff\">Andrea (Agnes Anna) Kampshoff<\/a>, f. i Bocholt\/Tyskland 1929, l.: 14.09.1953, 14.09.1956<br \/>\nSr. Beate (Christel) Rupp, f. i Paffrath\/Tyskland 1933, l.: 15.08.1964, 16.08.1969<br \/>\nSr. Christa Schwindeler, f. i Rheine\/Tyskland 1940, l.: 02.01.1967, 15.08.1971<br \/>\nSr. Ingrid-Marie (Ingrid) Nilsson, f. i \u00c5snes\/Norge 1926, l.: 18.03.1950, 17.07.1953<br \/>\nSr. Ruth (Annelotte) Bagus, f. i Hamburg\/Tyskland 1933, l.: 15.08.1959, 15.08.1964<br \/>\nSr. Sylvia (Hildegard) Museler, f. i Everswinkel\/Tyskland 1932, l.: 12.07.1954, 12.07.1957<br \/>\nSr. <a href=\"http:\/\/www.katolsk.no\/biografier\/innenriks\/vosterhus\">Valborg (Anna Klara) Osterhus<\/a>, f. i Molbergen\/Tyskland 13.10.1931, l.: 14.09.1953, 14.09.1956<br \/>\nSr. Agata (Nguyen Thi Tin), f. i Long Khanh,Vietnam 09.03.1974, l.: 28.9.2013, 17.07.2021<br \/>\nSr. Anna Vy (Nguyen Dinh Kim Vy), f. i Dong Nai, Vietnam 03.01.1981, 17.07.2021<br \/>\nSr. Maria (Phan Thuy Dai), f. i Dien Khanh, Khanh Hoa, Vietnam 25.07.1983, l.: 28.9.2013, 17.07.2021<br \/>\nSr. Anna( Hoang Ngoc Hien), f. i Dong Nai, Vietnam 12.04.1985, l.:28.9.2013, 17.07.202<strong>1<\/strong><\/p>\n<p><strong>Dagligleder og provinsialforstanderinne Sr. Anette Moltubakk<br \/>\n<\/strong><\/p>\n<p><strong>Tel: 23400935; Mobil 95936867<\/strong><\/p>\n<p><strong>E-mail : <a href=\"mailto:anettemoltubakk@stjoseph.no\">anettemoltubakk@stjoseph.no<\/a><\/strong><\/p>\n<div class=\"footer_text_02\"><strong>Vanlige Messetider:<\/strong><\/div>\n<p><strong style=\"text-align: center;\">Aftenmesse og vesper\u00a0 kl. 17.30; <\/strong><strong>L\u00f8rdag\u00a0 kl. 17.30 vesper med s\u00f8ndagstekster uten\u00a0 vesper, s\u00f8ndagsmesse\u00a0 kl 11.30<br \/>\n<\/strong><\/p>\n<p>&nbsp;<\/p>\n<p><a href=\"http:\/\/www.StJoseph.no\/wp-content\/uploads\/2010\/01\/PICT1429-best-Joseph-Huset.JPG\"><img loading=\"lazy\" decoding=\"async\" class=\"alignleft\" title=\"PICT1429 best Joseph Huset\" src=\"http:\/\/www.StJoseph.no\/wp-content\/uploads\/2010\/01\/PICT1429-best-Joseph-Huset.JPG\" alt=\"PICT1429 best Joseph Huset\" width=\"444\" height=\"336\" \/><\/a><strong>Joseph Huset<\/strong><\/p>\n<p>Kommuniteten i Joseph Huset er utdanningskommuniteten for v\u00e5r provins. For tiden er vi 5 s\u00f8stre med evige l\u00f8fter, 3 s\u00f8stre med \u00e5rlige l\u00f8fter\u00a0 og\u00a0 1 novise.<\/p>\n<p>Vi danner\u00a0et internasjonalt fellesskap.B\u00f8nn, fellesskap, studier, arbeid og hvile preger kommunitetens hverdag. Vi pr\u00f8ver \u00e5 v\u00e6re en \u00e5pen og livgivende kommunitet, og vi vandrer sammen med nye medlemmer fra forskjellige kulturer, spr\u00e5k og nasjoner.Det er viktig \u00e5 gi rom til den enkelte og v\u00e6re et lyttende n\u00e6rv\u00e6r for hvert nytt medlem, n\u00e5r hun deler sine \u00f8nsker, dr\u00f8mmer og vanskeligheter.Vi pr\u00f8ver \u00e5 gi nok tid til b\u00f8nn, studier,og integrering.<\/p>\n<p>\u00c5 bo p\u00e5 samme eiendom med de andre St. Josephs\u00f8stre, gir oss en utmerket mulighet til \u00e5 h\u00f8re livs- og kallshistorien til den enkelte. Det daglige felles hovedm\u00e5ltidet med alle s\u00f8stre, gir rikelig anledning til \u00e5 bli kjent med hverandre. Provinsens historie, tradisjon og spiritualitet blir formidlet videre p\u00e5 en levende, naturlig og enkel m\u00e5te.<\/p>\n<p>V\u00e5re nye medlemmer gir ogs\u00e5 sine bidrag med sang, spill og aktiv deltagelse i b\u00f8nn og fellesskap og sprer liv, glede og h\u00e5p.<\/p>\n<p><strong>Unge mennesker som vurderer sitt kall, er hjertelig velkomne til \u00e5 v\u00e6re en weekend sammen med oss i kommuniteten!<\/strong><\/p>\n<p><strong>Kontaktadresse: Gladsvei 23, 0489 Oslo; tel: 23400922; eller 23400935<br \/>\n<\/strong><\/p>\n<p><strong>Ansvarlig for klosterutdanningen:<\/strong><br \/>\nSr. Marit Brinkmann og Sr. Elisabeth Nguyen Thi Phuong Danh<\/p>\n<p><strong>Medlemmer i kommuniteten:<\/strong><\/p>\n<p>Evige l\u00f8fter: (3s\u00f8stre)<br \/>\nSr.\u00a0<a href=\"http:\/\/www.katolsk.no\/biografier\/innenriks\/amoltubakk\">Anette Moltubakk<\/a>, f. i Oslo\/Norge 1964, l.: 17.08.2002,Evige L\u00f8fter:\u00a0 <a href=\"http:\/\/www.katolsk.no\/nyheter\/2008\/12\/01-0002\">30.12.2008<\/a><br \/>\nSr.\u00a0<a href=\"http:\/\/www.katolsk.no\/biografier\/innenriks\/mbrinkmann\">Marit (Gisela) Brinkmann<\/a>, f. i Molbergen\/Tyskland 1942, l.: 02.01.1967,Evige L\u00f8fter: 15.08.1971<br \/>\nSr. Elisabeth(Nguyen Thi Phuong Danh ), f. i Ninh Thuan,Vietnam 28.11.1981, l.:28.9.2013, Evige l\u00f8fter 17.07.2021<\/p>\n<p>Sr. Lucia (Vo Thi My Thy), f. 28.04.1990 i\u00a0 Da Nang\/Vietnam, 1.l\u00f8fter : 12.01.2019; evige l\u00f8fter 14. juni 2024<br \/>\nSr. Mai Teresa (Nhung Thi Tuyet Mai) f. 22.09.1990 i Saigon\/Vietnam, 1.l\u00f8fter : 12.01.2019; evige l\u00f8fter 14. juni 2024.<\/p>\n<p>Midlertidige l\u00f8fter: (3 s\u00f8stre)<\/p>\n<p>Sr. Laura (Nguyen Thi Thu Lieu) f. 22.09.1989, i Lam Dong\/Vietnam, 1. l\u00f8fter 07.08.2021<br \/>\nSr. Tanja (Nguyen Hoang Thanh)f.01.02.1992,\u00a0 i Khanh Hoa\/Vietnam,1. l\u00f8fter 07.08.2021<br \/>\nSr. Catarina\u00a0 (Le Thi Hong Phuc) f. 19.01.1993,\u00a0 i\u00a0 Da Nang\/Vietnam, \u00a0\u00a0 1. l\u00f8fter 07.01.2023<\/p>\n<p>Marit Steinsli, Novise\u00a0 tel: 41 41 16 39, ett\u00a0 \u00e5r i USA til juli 2025<br \/>\ni Federations novisiatet, sammen med St. Josephs\u00f8strene fra andre grener.<\/p>\n<p>Telefon Joseph Huset: 23 40 09 27<\/p>\n","protected":false},"excerpt":{"rendered":"<p>St. Josephs\u00f8strenes Hjem Navnet \u201d St. Josephs\u00f8strenes Hjem,\u201d er valgt, for \u00e5 understreke at huset er et kloster og et hjem for alle St. Josephs\u00f8stre i den Norske Ordensprovins. Kommuniteten har forskjellige oppgaver: Det er et m\u00f8tested for alle provinsens s\u00f8stre ved st\u00f8rre og viktige begivenheter. Kommuniteten g\u00e5r inn for \u00e5 legge forholdene til rette, &hellip; <a href=\"https:\/\/www.StJoseph.no\/?page_id=1180\" class=\"more-link\">Continue reading<span class=\"screen-reader-text\"> &#8220;Kommuniteter&#8221;<\/span><\/a><\/p>\n","protected":false},"author":3,"featured_media":0,"parent":0,"menu_order":8,"comment_status":"closed","ping_status":"closed","template":"","meta":{"footnotes":""},"class_list":["post-1180","page","type-page","status-publish","hentry"],"_links":{"self":[{"href":"https:\/\/www.StJoseph.no\/index.php?rest_route=\/wp\/v2\/pages\/1180","targetHints":{"allow":["GET"]}}],"collection":[{"href":"https:\/\/www.StJoseph.no\/index.php?rest_route=\/wp\/v2\/pages"}],"about":[{"href":"https:\/\/www.StJoseph.no\/index.php?rest_route=\/wp\/v2\/types\/page"}],"author":[{"embeddable":true,"href":"https:\/\/www.StJoseph.no\/index.php?rest_route=\/wp\/v2\/users\/3"}],"replies":[{"embeddable":true,"href":"https:\/\/www.StJoseph.no\/index.php?rest_route=%2Fwp%2Fv2%2Fcomments&post=1180"}],"version-history":[{"count":98,"href":"https:\/\/www.StJoseph.no\/index.php?rest_route=\/wp\/v2\/pages\/1180\/revisions"}],"predecessor-version":[{"id":15721,"href":"https:\/\/www.StJoseph.no\/index.php?rest_route=\/wp\/v2\/pages\/1180\/revisions\/15721"}],"wp:attachment":[{"href":"https:\/\/www.StJoseph.no\/index.php?rest_route=%2Fwp%2Fv2%2Fmedia&parent=1180"}],"curies":[{"name":"wp","href":"https:\/\/api.w.org\/{rel}","templated":true}]}}